{"id":24742,"date":"2026-04-02T03:40:42","date_gmt":"2026-04-02T01:40:42","guid":{"rendered":"https:\/\/easy-paneel-es.com\/?page_id=24742"},"modified":"2026-04-02T03:41:26","modified_gmt":"2026-04-02T01:41:26","slug":"politica-de-privacidad","status":"publish","type":"page","link":"https:\/\/trilhavirtual.shop\/de\/politica-de-privacidad\/","title":{"rendered":"Pol\u00edtica de Privacidad"},"content":{"rendered":"<p><strong>Pol\u00edtica de Privacidad<\/strong><\/p>\n\n\n\n<p>Esta Pol\u00edtica de Privacidad describe c\u00f3mo se recopila, utiliza y comparte su informaci\u00f3n personal al visitar o realizar una compra en https:\/\/trilhavirtual.shop\/.<\/p>\n\n\n\n<p><strong>Informaci\u00f3n que recopilamos<\/strong><br>Cuando visita el sitio, recopilamos autom\u00e1ticamente cierta informaci\u00f3n sobre su dispositivo, incluyendo su navegador web, direcci\u00f3n IP, zona horaria y algunas cookies instaladas.<\/p>\n\n\n\n<p>Adem\u00e1s, cuando realiza o intenta realizar una compra, recopilamos informaci\u00f3n como su nombre, direcci\u00f3n, informaci\u00f3n de pago y correo electr\u00f3nico.<\/p>\n\n\n\n<p><strong>C\u00f3mo utilizamos su informaci\u00f3n<\/strong><br>Utilizamos la informaci\u00f3n recopilada para:<\/p>\n\n\n\n<ul class=\"wp-block-list\">\n<li>Procesar sus pedidos<\/li>\n\n\n\n<li>Comunicarnos con usted<\/li>\n\n\n\n<li>Detectar posibles fraudes o riesgos<\/li>\n\n\n\n<li>Mejorar nuestros servicios y campa\u00f1as publicitarias<\/li>\n<\/ul>\n\n\n\n<p><strong>Compartici\u00f3n de informaci\u00f3n<\/strong><br>Compartimos su informaci\u00f3n con terceros para ayudarnos a utilizarla, como:<\/p>\n\n\n\n<ul class=\"wp-block-list\">\n<li>Google (Google Ads y Analytics)<\/li>\n\n\n\n<li>Plataformas de pago<\/li>\n\n\n\n<li>Herramientas de marketing<\/li>\n<\/ul>\n\n\n\n<p><strong>Cookies<\/strong><br>Utilizamos cookies para mejorar su experiencia y mostrar publicidad personalizada.<\/p>\n\n\n\n<p><strong>Derechos del usuario<\/strong><br>Si usted reside en Europa, tiene derecho a acceder, corregir o eliminar sus datos personales.<\/p>\n\n\n\n<p><strong>Cambios<\/strong><br>Podemos actualizar esta pol\u00edtica en cualquier momento.<\/p>\n\n\n\n<p><strong>Informaci\u00f3n de la empresa<\/strong><br>Nombre: WYOMING TRUTH<br>Direcci\u00f3n: 506 South Eighth St, Laramie, WY 82070, Estados Unidos<\/p>\n\n\n\n<p><strong>Contacto<\/strong><br><a href=\"mailto:soporte@easy-paneel-es.com\">soporte@easy-paneel-es.com<\/a><\/p>","protected":false},"excerpt":{"rendered":"<p>Pol\u00edtica de Privacidad Esta Pol\u00edtica de Privacidad describe c\u00f3mo se recopila, utiliza y comparte su informaci\u00f3n personal al visitar o realizar una compra en https:\/\/trilhavirtual.shop\/. Informaci\u00f3n que recopilamosCuando visita el sitio, recopilamos autom\u00e1ticamente cierta informaci\u00f3n sobre su dispositivo, incluyendo su navegador web, direcci\u00f3n IP, zona horaria y algunas cookies instaladas. Adem\u00e1s, cuando realiza o intenta [&#8230;]\n","protected":false},"author":1,"featured_media":0,"parent":0,"menu_order":0,"comment_status":"closed","ping_status":"closed","template":"","meta":{"footnotes":""},"class_list":["post-24742","page","type-page","status-publish","hentry"],"_links":{"self":[{"href":"https:\/\/trilhavirtual.shop\/de\/wp-json\/wp\/v2\/pages\/24742","targetHints":{"allow":["GET"]}}],"collection":[{"href":"https:\/\/trilhavirtual.shop\/de\/wp-json\/wp\/v2\/pages"}],"about":[{"href":"https:\/\/trilhavirtual.shop\/de\/wp-json\/wp\/v2\/types\/page"}],"author":[{"embeddable":true,"href":"https:\/\/trilhavirtual.shop\/de\/wp-json\/wp\/v2\/users\/1"}],"replies":[{"embeddable":true,"href":"https:\/\/trilhavirtual.shop\/de\/wp-json\/wp\/v2\/comments?post=24742"}],"version-history":[{"count":2,"href":"https:\/\/trilhavirtual.shop\/de\/wp-json\/wp\/v2\/pages\/24742\/revisions"}],"predecessor-version":[{"id":24744,"href":"https:\/\/trilhavirtual.shop\/de\/wp-json\/wp\/v2\/pages\/24742\/revisions\/24744"}],"wp:attachment":[{"href":"https:\/\/trilhavirtual.shop\/de\/wp-json\/wp\/v2\/media?parent=24742"}],"curies":[{"name":"wp","href":"https:\/\/api.w.org\/{rel}","templated":true}]}}