{"id":24745,"date":"2026-04-02T03:41:59","date_gmt":"2026-04-02T01:41:59","guid":{"rendered":"https:\/\/easy-paneel-es.com\/?page_id=24745"},"modified":"2026-04-02T03:42:07","modified_gmt":"2026-04-02T01:42:07","slug":"terminos-de-uso","status":"publish","type":"page","link":"https:\/\/trilhavirtual.shop\/de\/terminos-de-uso\/","title":{"rendered":"T\u00e9rminos de Uso"},"content":{"rendered":"<p><strong>T\u00e9rminos de Uso<\/strong><\/p>\n\n\n\n<p>Al acceder a https:\/\/trilhavirtual.shop\/, usted acepta los siguientes t\u00e9rminos:<\/p>\n\n\n\n<p><strong>Uso del sitio<\/strong><br>Se compromete a utilizar este sitio \u00fanicamente con fines legales.<\/p>\n\n\n\n<p><strong>Productos y servicios<\/strong><br>Nos esforzamos por garantizar que toda la informaci\u00f3n sea precisa, pero no aseguramos que est\u00e9 libre de errores.<\/p>\n\n\n\n<p><strong>Propiedad intelectual<\/strong><br>Todo el contenido del sitio pertenece a WYOMING TRUTH y no puede ser utilizado sin autorizaci\u00f3n.<\/p>\n\n\n\n<p><strong>Limitaci\u00f3n de responsabilidad<\/strong><br>No nos responsabilizamos por da\u00f1os indirectos derivados del uso del sitio.<\/p>\n\n\n\n<p><strong>Modificaciones<\/strong><br>Podemos modificar estos t\u00e9rminos en cualquier momento.<\/p>\n\n\n\n<p><strong>Informaci\u00f3n de la empresa<\/strong><br>Nombre: WYOMING TRUTH<br>Direcci\u00f3n: 506 South Eighth St, Laramie, WY 82070, Estados Unidos<\/p>\n\n\n\n<p><strong>Contacto<\/strong><br><a href=\"mailto:soporte@easy-paneel-es.com\">soporte@easy-paneel-es.com<\/a><\/p>","protected":false},"excerpt":{"rendered":"<p>T\u00e9rminos de Uso Al acceder a https:\/\/trilhavirtual.shop\/, usted acepta los siguientes t\u00e9rminos: Uso del sitioSe compromete a utilizar este sitio \u00fanicamente con fines legales. Productos y serviciosNos esforzamos por garantizar que toda la informaci\u00f3n sea precisa, pero no aseguramos que est\u00e9 libre de errores. Propiedad intelectualTodo el contenido del sitio pertenece a WYOMING TRUTH y [&#8230;]\n","protected":false},"author":1,"featured_media":0,"parent":0,"menu_order":0,"comment_status":"closed","ping_status":"closed","template":"","meta":{"footnotes":""},"class_list":["post-24745","page","type-page","status-publish","hentry"],"_links":{"self":[{"href":"https:\/\/trilhavirtual.shop\/de\/wp-json\/wp\/v2\/pages\/24745","targetHints":{"allow":["GET"]}}],"collection":[{"href":"https:\/\/trilhavirtual.shop\/de\/wp-json\/wp\/v2\/pages"}],"about":[{"href":"https:\/\/trilhavirtual.shop\/de\/wp-json\/wp\/v2\/types\/page"}],"author":[{"embeddable":true,"href":"https:\/\/trilhavirtual.shop\/de\/wp-json\/wp\/v2\/users\/1"}],"replies":[{"embeddable":true,"href":"https:\/\/trilhavirtual.shop\/de\/wp-json\/wp\/v2\/comments?post=24745"}],"version-history":[{"count":1,"href":"https:\/\/trilhavirtual.shop\/de\/wp-json\/wp\/v2\/pages\/24745\/revisions"}],"predecessor-version":[{"id":24746,"href":"https:\/\/trilhavirtual.shop\/de\/wp-json\/wp\/v2\/pages\/24745\/revisions\/24746"}],"wp:attachment":[{"href":"https:\/\/trilhavirtual.shop\/de\/wp-json\/wp\/v2\/media?parent=24745"}],"curies":[{"name":"wp","href":"https:\/\/api.w.org\/{rel}","templated":true}]}}