{"id":24747,"date":"2026-04-02T03:42:40","date_gmt":"2026-04-02T01:42:40","guid":{"rendered":"https:\/\/easy-paneel-es.com\/?page_id=24747"},"modified":"2026-04-02T03:42:47","modified_gmt":"2026-04-02T01:42:47","slug":"politica-de-cookies","status":"publish","type":"page","link":"https:\/\/trilhavirtual.shop\/de\/politica-de-cookies\/","title":{"rendered":"Pol\u00edtica de Cookies"},"content":{"rendered":"<p><strong>Pol\u00edtica de Cookies<\/strong><\/p>\n\n\n\n<p>Este sitio utiliza cookies para mejorar su experiencia.<\/p>\n\n\n\n<p><strong>\u00bfQu\u00e9 son las cookies?<\/strong><br>Son peque\u00f1os archivos almacenados en su dispositivo.<\/p>\n\n\n\n<p><strong>\u00bfC\u00f3mo utilizamos las cookies?<\/strong><\/p>\n\n\n\n<ul class=\"wp-block-list\">\n<li>Mejorar el funcionamiento del sitio<\/li>\n\n\n\n<li>Analizar el tr\u00e1fico<\/li>\n\n\n\n<li>Personalizar anuncios<\/li>\n<\/ul>\n\n\n\n<p><strong>Tipos de cookies<\/strong><\/p>\n\n\n\n<ul class=\"wp-block-list\">\n<li>Cookies esenciales<\/li>\n\n\n\n<li>Cookies de rendimiento<\/li>\n\n\n\n<li>Cookies de marketing<\/li>\n<\/ul>\n\n\n\n<p>Al continuar navegando, usted acepta el uso de cookies.<\/p>\n\n\n\n<p><strong>Informaci\u00f3n de la empresa<\/strong><br>Nombre: WYOMING TRUTH<br>Direcci\u00f3n: 506 South Eighth St, Laramie, WY 82070, Estados Unidos<\/p>\n\n\n\n<p><strong>Contacto<\/strong><br><a href=\"mailto:soporte@easy-paneel-es.com\">soporte@easy-paneel-es.com<\/a><\/p>","protected":false},"excerpt":{"rendered":"<p>Pol\u00edtica de Cookies Este sitio utiliza cookies para mejorar su experiencia. \u00bfQu\u00e9 son las cookies?Son peque\u00f1os archivos almacenados en su dispositivo. \u00bfC\u00f3mo utilizamos las cookies? Tipos de cookies Al continuar navegando, usted acepta el uso de cookies. Informaci\u00f3n de la empresaNombre: WYOMING TRUTHDirecci\u00f3n: 506 South Eighth St, Laramie, WY 82070, Estados Unidos Contactosoporte@easy-paneel-es.com<\/p>","protected":false},"author":1,"featured_media":0,"parent":0,"menu_order":0,"comment_status":"closed","ping_status":"closed","template":"","meta":{"footnotes":""},"class_list":["post-24747","page","type-page","status-publish","hentry"],"_links":{"self":[{"href":"https:\/\/trilhavirtual.shop\/de\/wp-json\/wp\/v2\/pages\/24747","targetHints":{"allow":["GET"]}}],"collection":[{"href":"https:\/\/trilhavirtual.shop\/de\/wp-json\/wp\/v2\/pages"}],"about":[{"href":"https:\/\/trilhavirtual.shop\/de\/wp-json\/wp\/v2\/types\/page"}],"author":[{"embeddable":true,"href":"https:\/\/trilhavirtual.shop\/de\/wp-json\/wp\/v2\/users\/1"}],"replies":[{"embeddable":true,"href":"https:\/\/trilhavirtual.shop\/de\/wp-json\/wp\/v2\/comments?post=24747"}],"version-history":[{"count":1,"href":"https:\/\/trilhavirtual.shop\/de\/wp-json\/wp\/v2\/pages\/24747\/revisions"}],"predecessor-version":[{"id":24748,"href":"https:\/\/trilhavirtual.shop\/de\/wp-json\/wp\/v2\/pages\/24747\/revisions\/24748"}],"wp:attachment":[{"href":"https:\/\/trilhavirtual.shop\/de\/wp-json\/wp\/v2\/media?parent=24747"}],"curies":[{"name":"wp","href":"https:\/\/api.w.org\/{rel}","templated":true}]}}