{"id":24749,"date":"2026-04-02T03:43:13","date_gmt":"2026-04-02T01:43:13","guid":{"rendered":"https:\/\/easy-paneel-es.com\/?page_id=24749"},"modified":"2026-04-02T03:43:20","modified_gmt":"2026-04-02T01:43:20","slug":"politica-de-reembolso-y-devoluciones","status":"publish","type":"page","link":"https:\/\/trilhavirtual.shop\/de\/politica-de-reembolso-y-devoluciones\/","title":{"rendered":"Pol\u00edtica de Reembolso y Devoluciones"},"content":{"rendered":"<p><strong>Pol\u00edtica de Reembolso y Devoluciones<\/strong><\/p>\n\n\n\n<p>Nuestra pol\u00edtica tiene una duraci\u00f3n de 14 d\u00edas desde la recepci\u00f3n del producto.<\/p>\n\n\n\n<p><strong>Condiciones para devoluciones:<\/strong><\/p>\n\n\n\n<ul class=\"wp-block-list\">\n<li>El producto debe estar sin usar<\/li>\n\n\n\n<li>Debe estar en su embalaje original<\/li>\n<\/ul>\n\n\n\n<p><strong>Reembolsos<\/strong><br>Una vez recibido e inspeccionado el producto, le notificaremos si su solicitud fue aprobada.<\/p>\n\n\n\n<p>Si es aprobada, el reembolso ser\u00e1 procesado autom\u00e1ticamente.<\/p>\n\n\n\n<p><strong>Cambios<\/strong><br>Solo reemplazamos productos defectuosos o da\u00f1ados.<\/p>\n\n\n\n<p><strong>Informaci\u00f3n de la empresa<\/strong><br>Nombre: WYOMING TRUTH<br>Direcci\u00f3n: 506 South Eighth St, Laramie, WY 82070, Estados Unidos<\/p>\n\n\n\n<p><strong>Contacto<\/strong><br><a href=\"mailto:soporte@easy-paneel-es.com\">soporte@easy-paneel-es.com<\/a><\/p>","protected":false},"excerpt":{"rendered":"<p>Pol\u00edtica de Reembolso y Devoluciones Nuestra pol\u00edtica tiene una duraci\u00f3n de 14 d\u00edas desde la recepci\u00f3n del producto. Condiciones para devoluciones: ReembolsosUna vez recibido e inspeccionado el producto, le notificaremos si su solicitud fue aprobada. Si es aprobada, el reembolso ser\u00e1 procesado autom\u00e1ticamente. CambiosSolo reemplazamos productos defectuosos o da\u00f1ados. Informaci\u00f3n de la empresaNombre: WYOMING TRUTHDirecci\u00f3n: [&#8230;]\n","protected":false},"author":1,"featured_media":0,"parent":0,"menu_order":0,"comment_status":"closed","ping_status":"closed","template":"","meta":{"footnotes":""},"class_list":["post-24749","page","type-page","status-publish","hentry"],"_links":{"self":[{"href":"https:\/\/trilhavirtual.shop\/de\/wp-json\/wp\/v2\/pages\/24749","targetHints":{"allow":["GET"]}}],"collection":[{"href":"https:\/\/trilhavirtual.shop\/de\/wp-json\/wp\/v2\/pages"}],"about":[{"href":"https:\/\/trilhavirtual.shop\/de\/wp-json\/wp\/v2\/types\/page"}],"author":[{"embeddable":true,"href":"https:\/\/trilhavirtual.shop\/de\/wp-json\/wp\/v2\/users\/1"}],"replies":[{"embeddable":true,"href":"https:\/\/trilhavirtual.shop\/de\/wp-json\/wp\/v2\/comments?post=24749"}],"version-history":[{"count":1,"href":"https:\/\/trilhavirtual.shop\/de\/wp-json\/wp\/v2\/pages\/24749\/revisions"}],"predecessor-version":[{"id":24750,"href":"https:\/\/trilhavirtual.shop\/de\/wp-json\/wp\/v2\/pages\/24749\/revisions\/24750"}],"wp:attachment":[{"href":"https:\/\/trilhavirtual.shop\/de\/wp-json\/wp\/v2\/media?parent=24749"}],"curies":[{"name":"wp","href":"https:\/\/api.w.org\/{rel}","templated":true}]}}