{"id":24753,"date":"2026-04-02T03:44:11","date_gmt":"2026-04-02T01:44:11","guid":{"rendered":"https:\/\/easy-paneel-es.com\/?page_id=24753"},"modified":"2026-04-02T03:44:18","modified_gmt":"2026-04-02T01:44:18","slug":"sobre-nosotros","status":"publish","type":"page","link":"https:\/\/trilhavirtual.shop\/de\/sobre-nosotros\/","title":{"rendered":"Sobre Nosotros"},"content":{"rendered":"<p><strong>Sobre Nosotros<\/strong><\/p>\n\n\n\n<p>Bienvenido a Easy Paneel.<\/p>\n\n\n\n<p>Somos una tienda online dedicada a ofrecer productos de calidad a precios accesibles, enfoc\u00e1ndonos siempre en brindar la mejor experiencia al cliente.<\/p>\n\n\n\n<p>Nuestro objetivo es hacer que sus compras sean simples, seguras y r\u00e1pidas, con atenci\u00f3n dedicada y env\u00edos eficientes.<\/p>\n\n\n\n<p>Creemos en la transparencia, la confianza y la satisfacci\u00f3n del cliente.<\/p>\n\n\n\n<p><strong>Informaci\u00f3n de la empresa<\/strong><br>Nombre: WYOMING TRUTH<br>Direcci\u00f3n: 506 South Eighth St, Laramie, WY 82070, Estados Unidos<\/p>\n\n\n\n<p><strong>Contacto<\/strong><br><a href=\"mailto:soporte@easy-paneel-es.com\">soporte@easy-paneel-es.com<\/a><\/p>","protected":false},"excerpt":{"rendered":"<p>Sobre Nosotros Bienvenido a Easy Paneel. Somos una tienda online dedicada a ofrecer productos de calidad a precios accesibles, enfoc\u00e1ndonos siempre en brindar la mejor experiencia al cliente. Nuestro objetivo es hacer que sus compras sean simples, seguras y r\u00e1pidas, con atenci\u00f3n dedicada y env\u00edos eficientes. Creemos en la transparencia, la confianza y la satisfacci\u00f3n [&#8230;]\n","protected":false},"author":1,"featured_media":0,"parent":0,"menu_order":0,"comment_status":"closed","ping_status":"closed","template":"","meta":{"footnotes":""},"class_list":["post-24753","page","type-page","status-publish","hentry"],"_links":{"self":[{"href":"https:\/\/trilhavirtual.shop\/de\/wp-json\/wp\/v2\/pages\/24753","targetHints":{"allow":["GET"]}}],"collection":[{"href":"https:\/\/trilhavirtual.shop\/de\/wp-json\/wp\/v2\/pages"}],"about":[{"href":"https:\/\/trilhavirtual.shop\/de\/wp-json\/wp\/v2\/types\/page"}],"author":[{"embeddable":true,"href":"https:\/\/trilhavirtual.shop\/de\/wp-json\/wp\/v2\/users\/1"}],"replies":[{"embeddable":true,"href":"https:\/\/trilhavirtual.shop\/de\/wp-json\/wp\/v2\/comments?post=24753"}],"version-history":[{"count":1,"href":"https:\/\/trilhavirtual.shop\/de\/wp-json\/wp\/v2\/pages\/24753\/revisions"}],"predecessor-version":[{"id":24754,"href":"https:\/\/trilhavirtual.shop\/de\/wp-json\/wp\/v2\/pages\/24753\/revisions\/24754"}],"wp:attachment":[{"href":"https:\/\/trilhavirtual.shop\/de\/wp-json\/wp\/v2\/media?parent=24753"}],"curies":[{"name":"wp","href":"https:\/\/api.w.org\/{rel}","templated":true}]}}