{"id":25070,"date":"2026-04-29T06:59:26","date_gmt":"2026-04-29T04:59:26","guid":{"rendered":"https:\/\/trilhavirtual.shop\/?post_type=product&#038;p=25070"},"modified":"2026-04-29T07:08:00","modified_gmt":"2026-04-29T05:08:00","slug":"olla-programableolla-gm-h-deluxe-airfryer-de-6-litros-de-capacidad-con-cabezal-freidora-aire-y-bascula","status":"publish","type":"product","link":"https:\/\/trilhavirtual.shop\/de\/produto\/olla-programableolla-gm-h-deluxe-airfryer-de-6-litros-de-capacidad-con-cabezal-freidora-aire-y-bascula\/","title":{"rendered":"Olla programableOlla GM H Deluxe AirFryer de 6 litros de capacidad con cabezal freidora aire y b\u00e1scula."},"content":{"rendered":"<p><iframe title=\"Olla GM H Deluxe Fry de 6 litros de capacidad con cabezal freidora aire y b\u00e1scula\" width=\"1020\" height=\"574\" src=\"https:\/\/www.youtube.com\/embed\/GLKl5xqmYQM?feature=oembed\" frameborder=\"0\" allow=\"accelerometer; autoplay; clipboard-write; encrypted-media; gyroscope; picture-in-picture; web-share\" referrerpolicy=\"strict-origin-when-cross-origin\" allowfullscreen><\/iframe><\/p>\n<p>Olla programable de 6 litros de capacidad con cabezal freidora aire y b\u00e1scula.<\/p>\n<ul>\n<li>Robot de cocina multifunci\u00f3n que cocina por ti cualquier elaboraci\u00f3n en tiempo r\u00e9cord.<\/li>\n<li>27 maneras diferentes de cocinar que te ayudar\u00e1n a preparar entrantes, arroces, pasta, guisos, estofados, pescado, postres\u2026 y todas las recetas que imagines con su cabezal de freidora.<\/li>\n<li>El nuevo cabezal de aire caliente te permitir\u00e1 hacer fritos de la forma m\u00e1s saludable.<\/li>\n<li>Incorpora b\u00e1scula para pesar con gran precisi\u00f3n los alimentos depositados en la cubeta con el fin de trabajar con cantidades exactas y obtener resultados excelentes.<\/li>\n<li>Innovadora tapa Advance que libera la presi\u00f3n de la forma m\u00e1s c\u00f3moda evitando salpicaduras.<\/li>\n<li>Gracias a su tapa abatible podr\u00e1s remover y servir evitando manchas en la cocina.<\/li>\n<li>Cuenta con una cubeta Excelsior con gran antiadherencia que logra resultados \u00f3ptimos en cualquier receta.<\/li>\n<li>Programable 24 horas para que disfrutes de la comida lista al llegar a casa.<\/li>\n<li>Disfruta de comidas en familia gracias a su gran capacidad de 6 litros.<\/li>\n<li>Modo Eco para ahorrar hasta un 50 % de energ\u00eda durante su cocinado.<\/li>\n<li>Cocina con m\u00faltiples opciones: turbo, a presi\u00f3n, fr\u00ede con aire, al vapor, guiso, fuego lento, escalfa, confita, fermenta, pan, postre, arroz, pasta, plancha, sofr\u00ede y hornea.<\/li>\n<li>Sistema inteligente GMCore que adapta el tiempo de preparaci\u00f3n seg\u00fan la cantidad de alimentos.<\/li>\n<li>Incluye un completo recetario y comunidad social interactiva y todas las recetas nuevas semanales de Cecotec.<\/li>\n<li>11 temperaturas ajustables hasta 200 \u00baC para elaborar todo tipo de recetas.<\/li>\n<li>5 presiones ajustables hasta 90 kPa para cocinar m\u00e1s r\u00e1pido.<\/li>\n<li>Pantalla LCD con panel de control muy ergon\u00f3mico que permite una visualizaci\u00f3n completa del proceso de cocci\u00f3n.<\/li>\n<li>Presenta la opci\u00f3n de calentar y recalentar para adaptarse a las necesidades del usuario.<\/li>\n<li>Control guiado paso a paso por voz en 6 idiomas: espa\u00f1ol, ingl\u00e9s, portugu\u00e9s, franc\u00e9s, italiano y alem\u00e1n.<\/li>\n<li>Memoria Eprom que recuerda la programaci\u00f3n si se va la luz.<\/li>\n<li>14 sistemas de seguridad que aseguran el correcto funcionamiento de la olla con altas presiones sin ning\u00fan peligro.<\/li>\n<\/ul>","protected":false},"excerpt":{"rendered":"<p><img decoding=\"async\" class=\"alignnone size-full wp-image-4560\" src=\"https:\/\/electromax-es.com\/wp-content\/uploads\/2025\/06\/Precio-especial-con-stock-limitado-solo-pagos-inmediatos-con-tarjeta.-2.png\" alt=\"\" width=\"369\" height=\"58\" \/><\/p>\n<div id='product-component-1757108600833'><\/div>\n<p><script type=\"text\/javascript\">\n\/*<![CDATA[*\/\n(function () {\n  var scriptURL = 'https:\/\/sdks.shopifycdn.com\/buy-button\/latest\/buy-button-storefront.min.js';\n  if (window.ShopifyBuy) {\n    if (window.ShopifyBuy.UI) {\n      ShopifyBuyInit();\n    } else {\n      loadScript();\n    }\n  } else {\n    loadScript();\n  }\n  function loadScript() {\n    var script = document.createElement('script');\n    script.async = true;\n    script.src = scriptURL;\n    (document.getElementsByTagName('head')[0] || document.getElementsByTagName('body')[0]).appendChild(script);\n    script.onload = ShopifyBuyInit;\n  }\n  function ShopifyBuyInit() {\n    var client = ShopifyBuy.buildClient({\n      domain: 'y1myw4-n0.myshopify.com',\n      storefrontAccessToken: '5b83aac4e54289b51059ca6d7de7d2d5',\n    });\n    ShopifyBuy.UI.onReady(client).then(function (ui) {\n      ui.createComponent('product', {\n        id: '9972050952475',\n        node: document.getElementById('product-component-1757108600833'),\n        moneyFormat: '%E2%82%AC%7B%7Bamount_with_comma_separator%7D%7D',\n        options: {\n  \"product\": {\n    \"styles\": {\n      \"product\": {\n        \"@media (min-width: 601px)\": {\n          \"max-width\": \"calc(25% - 20px)\",\n          \"margin-left\": \"20px\",\n          \"margin-bottom\": \"50px\"\n        }\n      },\n      \"button\": {\n        \"font-family\": \"Geneva, sans-serif\",\n        \"border-radius\": \"5px\",\n        \"padding-left\": \"37px\",\n        \"padding-right\": \"37px\"\n      }\n    },\n    \"contents\": {\n      \"img\": false,\n      \"title\": false,\n      \"price\": false\n    },\n    \"text\": {\n      \"button\": \"AGREGAR AL CARRITO\"\n    }\n  },\n  \"productSet\": {\n    \"styles\": {\n      \"products\": {\n        \"@media (min-width: 601px)\": {\n          \"margin-left\": \"-20px\"\n        }\n      }\n    }\n  },\n  \"modalProduct\": {\n    \"contents\": {\n      \"img\": false,\n      \"imgWithCarousel\": true,\n      \"button\": false,\n      \"buttonWithQuantity\": true\n    },\n    \"styles\": {\n      \"product\": {\n        \"@media (min-width: 601px)\": {\n          \"max-width\": \"100%\",\n          \"margin-left\": \"0px\",\n          \"margin-bottom\": \"0px\"\n        }\n      },\n      \"button\": {\n        \"font-family\": \"Geneva, sans-serif\",\n        \"border-radius\": \"5px\",\n        \"padding-left\": \"37px\",\n        \"padding-right\": \"37px\"\n      }\n    },\n    \"text\": {\n      \"button\": \"Add to cart\"\n    }\n  },\n  \"option\": {},\n  \"cart\": {\n    \"styles\": {\n      \"button\": {\n        \"font-family\": \"Geneva, sans-serif\",\n        \"border-radius\": \"5px\"\n      }\n    },\n    \"text\": {\n      \"title\": \"Carrito\",\n      \"total\": \"Subtotal\",\n      \"empty\": \"Su carrito est\u00e1 vac\u00edo.\",\n      \"notice\": \"Los c\u00f3digos de env\u00edo y descuento se agregan al momento del pago.\",\n      \"button\": \"Comprar Ahora\"\n    },\n    \"popup\": false\n  },\n  \"toggle\": {\n    \"styles\": {\n      \"toggle\": {\n        \"font-family\": \"Geneva, sans-serif\"\n      }\n    }\n  }\n},\n      });\n    });\n  }\n})();\n\/*]]>*\/\n<\/script><\/p>\n","protected":false},"featured_media":24816,"template":"","meta":[],"product_brand":[],"product_cat":[15,132],"product_tag":[],"class_list":{"0":"post-25070","1":"product","2":"type-product","3":"status-publish","4":"has-post-thumbnail","6":"product_cat-ofertas","7":"product_cat-cocina","9":"first","10":"instock","11":"sale","12":"shipping-taxable","13":"purchasable","14":"product-type-simple"},"_links":{"self":[{"href":"https:\/\/trilhavirtual.shop\/de\/wp-json\/wp\/v2\/product\/25070","targetHints":{"allow":["GET"]}}],"collection":[{"href":"https:\/\/trilhavirtual.shop\/de\/wp-json\/wp\/v2\/product"}],"about":[{"href":"https:\/\/trilhavirtual.shop\/de\/wp-json\/wp\/v2\/types\/product"}],"wp:featuredmedia":[{"embeddable":true,"href":"https:\/\/trilhavirtual.shop\/de\/wp-json\/wp\/v2\/media\/24816"}],"wp:attachment":[{"href":"https:\/\/trilhavirtual.shop\/de\/wp-json\/wp\/v2\/media?parent=25070"}],"wp:term":[{"taxonomy":"product_brand","embeddable":true,"href":"https:\/\/trilhavirtual.shop\/de\/wp-json\/wp\/v2\/product_brand?post=25070"},{"taxonomy":"product_cat","embeddable":true,"href":"https:\/\/trilhavirtual.shop\/de\/wp-json\/wp\/v2\/product_cat?post=25070"},{"taxonomy":"product_tag","embeddable":true,"href":"https:\/\/trilhavirtual.shop\/de\/wp-json\/wp\/v2\/product_tag?post=25070"}],"curies":[{"name":"wp","href":"https:\/\/api.w.org\/{rel}","templated":true}]}}