{"id":25072,"date":"2026-04-29T06:59:26","date_gmt":"2026-04-29T04:59:26","guid":{"rendered":"https:\/\/trilhavirtual.shop\/?post_type=product&#038;p=25072"},"modified":"2026-04-29T07:10:12","modified_gmt":"2026-04-29T05:10:12","slug":"bongo-v55-2x2-connected-patinete-electrico-con-una-potencia-combinada-de-1600-w-doble-suspension-autonomia-de-hasta-55-km-cumple-con-la-normativa-espanola-de-circulacion","status":"publish","type":"product","link":"https:\/\/trilhavirtual.shop\/de\/produto\/bongo-v55-2x2-connected-patinete-electrico-con-una-potencia-combinada-de-1600-w-doble-suspension-autonomia-de-hasta-55-km-cumple-con-la-normativa-espanola-de-circulacion\/","title":{"rendered":"Bongo V55 2&#215;2 Connected Patinete el\u00e9ctrico. Con una potencia combinada de 1600 W, doble suspensi\u00f3n, autonom\u00eda de hasta 55 km, Cumple con la normativa espa\u00f1ola de circulaci\u00f3n"},"content":{"rendered":"<ul>\n<li>Homologado por la <b>DGT<\/b>. Cumple con todos los requisitos de la nueva normativa espa\u00f1ola de circulaci\u00f3n, asegurando que tu patinete est\u00e9 siempre en regla y listo para usar.<\/li>\n<li>Supera cualquier terreno sin esfuerzo. <b>Con sus dos motores de 800 W <\/b>(500 W nominal cada uno), este patinete ofrece una tracci\u00f3n doble que te permite enfrentar pendientes y superficies desafiantes con facilidad, asegurando una conducci\u00f3n potente y eficiente en cualquier situaci\u00f3n.<\/li>\n<li><b>Autonom\u00eda superior para viajes largos<\/b>. Equipado con una bater\u00eda de alta capacidad de 48 V 12,5 Ah. Disfruta de una autonom\u00eda impresionante de <b>hasta 55 km<\/b>. Ideal para desplazamientos diarios y aventuras prolongadas, sin que tengas que preocuparte por la recarga.<\/li>\n<li>M\u00e1xima <b>adherencia y control<\/b>. Las ruedas de 10&#8243; aseguran una \u00f3ptima estabilidad, permiti\u00e9ndote manejar cualquier desaf\u00edo en la carretera con seguridad y confianza.<\/li>\n<li>Frenado seguro y eficiente. El sistema de frenado doble con discos de alta precisi\u00f3n y e-ABS regenerativo proporciona una detenci\u00f3n r\u00e1pida, garantizando tu seguridad en cualquier situaci\u00f3n de frenado.<\/li>\n<li>Visibilidad y seguridad mejoradas. Equipado con intermitentes y un doble faro de <b>luces frontales<\/b> potentes, este patinete asegura que seas visto claramente por otros, incluso en condiciones de poca luz, mejorando tu seguridad en la conducci\u00f3n nocturna.<\/li>\n<li><b>Conectividad inteligente con tu smartphone<\/b>. Configura y personaliza tu patinete f\u00e1cilmente desde tu smartphone con nuestra app dedicada. Incluye funciones avanzadas como detecci\u00f3n de ca\u00eddas y diagn\u00f3stico, con 2 a\u00f1os de uso gratuito de la app.<\/li>\n<li>Conducci\u00f3n c\u00f3moda y estable en cualquier superficie. La doble suspensi\u00f3n avanzada garantiza una experiencia de <b>conducci\u00f3n suave y c\u00f3moda<\/b>, absorbiendo las irregularidades del terreno y proporcionando una conducci\u00f3n estable.<\/li>\n<\/ul>\n<p><iframe title=\"Gama de Patienetes ele\u0301ctricos Bongo v70 y v55 2x2 Connected\" width=\"1020\" height=\"574\" src=\"https:\/\/www.youtube.com\/embed\/7Xu5lFMSt28?feature=oembed\" frameborder=\"0\" allow=\"accelerometer; autoplay; clipboard-write; encrypted-media; gyroscope; picture-in-picture; web-share\" referrerpolicy=\"strict-origin-when-cross-origin\" allowfullscreen><\/iframe><\/p>\n<p>&nbsp;<\/p>","protected":false},"excerpt":{"rendered":"<p><img decoding=\"async\" class=\"alignnone size-full wp-image-4560\" src=\"https:\/\/electromax-es.com\/wp-content\/uploads\/2025\/06\/Precio-especial-con-stock-limitado-solo-pagos-inmediatos-con-tarjeta.-2.png\" alt=\"\" width=\"369\" height=\"58\" \/><\/p>\n<div id='product-component-1758077128751'><\/div>\n<p><script type=\"text\/javascript\">\n\/*<![CDATA[*\/\n(function () {\n  var scriptURL = 'https:\/\/sdks.shopifycdn.com\/buy-button\/latest\/buy-button-storefront.min.js';\n  if (window.ShopifyBuy) {\n    if (window.ShopifyBuy.UI) {\n      ShopifyBuyInit();\n    } else {\n      loadScript();\n    }\n  } else {\n    loadScript();\n  }\n  function loadScript() {\n    var script = document.createElement('script');\n    script.async = true;\n    script.src = scriptURL;\n    (document.getElementsByTagName('head')[0] || document.getElementsByTagName('body')[0]).appendChild(script);\n    script.onload = ShopifyBuyInit;\n  }\n  function ShopifyBuyInit() {\n    var client = ShopifyBuy.buildClient({\n      domain: '1skvui-yq.myshopify.com',\n      storefrontAccessToken: 'dcd17c0ccb38ae428e69e1803a440dd7',\n    });\n    ShopifyBuy.UI.onReady(client).then(function (ui) {\n      ui.createComponent('product', {\n        id: '8665782911036',\n        node: document.getElementById('product-component-1758077128751'),\n        moneyFormat: '%E2%82%AC%7B%7Bamount_with_comma_separator%7D%7D',\n        options: {\n  \"product\": {\n    \"styles\": {\n      \"product\": {\n        \"@media (min-width: 601px)\": {\n          \"max-width\": \"calc(25% - 20px)\",\n          \"margin-left\": \"20px\",\n          \"margin-bottom\": \"50px\"\n        }\n      },\n      \"button\": {\n        \"font-family\": \"Geneva, sans-serif\",\n        \"font-size\": \"17px\",\n        \"padding-top\": \"16.5px\",\n        \"padding-bottom\": \"16.5px\",\n        \"border-radius\": \"5px\",\n        \"padding-left\": \"62px\",\n        \"padding-right\": \"62px\"\n      },\n      \"quantityInput\": {\n        \"font-size\": \"17px\",\n        \"padding-top\": \"16.5px\",\n        \"padding-bottom\": \"16.5px\"\n      }\n    },\n    \"contents\": {\n      \"img\": false,\n      \"title\": false,\n      \"price\": false\n    },\n    \"text\": {\n      \"button\": \"COMPRAR AHORA\"\n    }\n  },\n  \"productSet\": {\n    \"styles\": {\n      \"products\": {\n        \"@media (min-width: 601px)\": {\n          \"margin-left\": \"-20px\"\n        }\n      }\n    }\n  },\n  \"modalProduct\": {\n    \"contents\": {\n      \"img\": false,\n      \"imgWithCarousel\": true,\n      \"button\": false,\n      \"buttonWithQuantity\": true\n    },\n    \"styles\": {\n      \"product\": {\n        \"@media (min-width: 601px)\": {\n          \"max-width\": \"100%\",\n          \"margin-left\": \"0px\",\n          \"margin-bottom\": \"0px\"\n        }\n      },\n      \"button\": {\n        \"font-family\": \"Geneva, sans-serif\",\n        \"font-size\": \"17px\",\n        \"padding-top\": \"16.5px\",\n        \"padding-bottom\": \"16.5px\",\n        \"border-radius\": \"5px\",\n        \"padding-left\": \"62px\",\n        \"padding-right\": \"62px\"\n      },\n      \"quantityInput\": {\n        \"font-size\": \"17px\",\n        \"padding-top\": \"16.5px\",\n        \"padding-bottom\": \"16.5px\"\n      }\n    },\n    \"text\": {\n      \"button\": \"Add to cart\"\n    }\n  },\n  \"option\": {},\n  \"cart\": {\n    \"styles\": {\n      \"button\": {\n        \"font-family\": \"Geneva, sans-serif\",\n        \"font-size\": \"17px\",\n        \"padding-top\": \"16.5px\",\n        \"padding-bottom\": \"16.5px\",\n        \"border-radius\": \"5px\"\n      }\n    },\n    \"text\": {\n      \"title\": \"Carrito\",\n      \"total\": \"Subtotal\",\n      \"empty\": \"Su carrito est\u00e1 vac\u00edo\",\n      \"notice\": \"Los c\u00f3digos de env\u00edo y descuento se agregan al momento del pago\",\n      \"button\": \"Comprar Ahora\"\n    },\n    \"popup\": false\n  },\n  \"toggle\": {\n    \"styles\": {\n      \"toggle\": {\n        \"font-family\": \"Geneva, sans-serif\"\n      },\n      \"count\": {\n        \"font-size\": \"17px\"\n      }\n    }\n  }\n},\n      });\n    });\n  }\n})();\n\/*]]>*\/\n<\/script><\/p>\n","protected":false},"featured_media":24845,"template":"","meta":[],"product_brand":[],"product_cat":[15,131,137],"product_tag":[],"class_list":{"0":"post-25072","1":"product","2":"type-product","3":"status-publish","4":"has-post-thumbnail","6":"product_cat-ofertas","7":"product_cat-mas-vendidos","8":"product_cat-movilidad","10":"first","11":"instock","12":"sale","13":"shipping-taxable","14":"purchasable","15":"product-type-simple"},"_links":{"self":[{"href":"https:\/\/trilhavirtual.shop\/de\/wp-json\/wp\/v2\/product\/25072","targetHints":{"allow":["GET"]}}],"collection":[{"href":"https:\/\/trilhavirtual.shop\/de\/wp-json\/wp\/v2\/product"}],"about":[{"href":"https:\/\/trilhavirtual.shop\/de\/wp-json\/wp\/v2\/types\/product"}],"wp:featuredmedia":[{"embeddable":true,"href":"https:\/\/trilhavirtual.shop\/de\/wp-json\/wp\/v2\/media\/24845"}],"wp:attachment":[{"href":"https:\/\/trilhavirtual.shop\/de\/wp-json\/wp\/v2\/media?parent=25072"}],"wp:term":[{"taxonomy":"product_brand","embeddable":true,"href":"https:\/\/trilhavirtual.shop\/de\/wp-json\/wp\/v2\/product_brand?post=25072"},{"taxonomy":"product_cat","embeddable":true,"href":"https:\/\/trilhavirtual.shop\/de\/wp-json\/wp\/v2\/product_cat?post=25072"},{"taxonomy":"product_tag","embeddable":true,"href":"https:\/\/trilhavirtual.shop\/de\/wp-json\/wp\/v2\/product_tag?post=25072"}],"curies":[{"name":"wp","href":"https:\/\/api.w.org\/{rel}","templated":true}]}}