{"id":25073,"date":"2026-04-29T06:59:26","date_gmt":"2026-04-29T04:59:26","guid":{"rendered":"https:\/\/trilhavirtual.shop\/?post_type=product&#038;p=25073"},"modified":"2026-04-29T07:08:00","modified_gmt":"2026-04-29T05:08:00","slug":"baristeo-intima-extraccion-perfecta-y-crema-densa-maquina-con-bomba-italiana-de-15-bares-control-pid-vaporizador-orientable-y-sistema-thermoblock-para-cafes-equilibrados-y-irresistibles-en-cada-ta","status":"publish","type":"product","link":"https:\/\/trilhavirtual.shop\/de\/produto\/baristeo-intima-extraccion-perfecta-y-crema-densa-maquina-con-bomba-italiana-de-15-bares-control-pid-vaporizador-orientable-y-sistema-thermoblock-para-cafes-equilibrados-y-irresistibles-en-cada-ta\/","title":{"rendered":"Baristeo Intima Extracci\u00f3n perfecta y crema densa: m\u00e1quina con bomba italiana de 15 bares, control PID, vaporizador orientable, y sistema Thermoblock para caf\u00e9s equilibrados y irresistibles en cada taza."},"content":{"rendered":"<p><iframe title=\"Cafetera espresso Baristeo Intima barista profesional\" width=\"1020\" height=\"574\" src=\"https:\/\/www.youtube.com\/embed\/E43_xgl8pTo?feature=oembed\" frameborder=\"0\" allow=\"accelerometer; autoplay; clipboard-write; encrypted-media; gyroscope; picture-in-picture; web-share\" referrerpolicy=\"strict-origin-when-cross-origin\" allowfullscreen><\/iframe><\/p>\n<ul>\n<li>Extracci\u00f3n perfecta de crema. Sistema de pre-infusi\u00f3n que humedece uniformemente todo el caf\u00e9 para lograr una extracci\u00f3n completa con una crema y sabor \u00fanico.<\/li>\n<li>Sabor, aroma y crema equilibrados. Bomba italiana de 15 bares que realiza una presi\u00f3n constante y precisa, logrando un perfil de sabor equilibrado, una crema m\u00e1s densa y un aroma \u00fanico.<\/li>\n<li>Extrae todos los matices del caf\u00e9. Portafiltro profesional de 58 mm que retiene y distribuye el calor de manera uniforme para conseguir caf\u00e9s perfectos.<\/li>\n<li>Selecciona con precisi\u00f3n la temperatura de la pre-infunsi\u00f3n. Control PID permite elegir la temperatura del preinfusionado para conseguir una extracci\u00f3n a medida seg\u00fan la variedad del grano de caf\u00e9.<\/li>\n<li>Preparaci\u00f3n r\u00e1pida con la temperatura perfecta. El sistema Thermoblock garantiza que la temperatura se mantenga en su intervalo \u00f3ptimo preparar cada caf\u00e9 con las mejores condiciones.<\/li>\n<li>Texturiza la leche y consigue la mejor espuma. Vaporizador orientable de acero inoxidable para espumar la leche y preparar cappuccino irresistible.<\/li>\n<li>Prepara todo tipo de caf\u00e9s. Sus 1850 W permiten sacar al barista que llevas dentro para explorar el arte del caf\u00e9 preparado a mano y disfrutar de un mundo de sabores que despiertan los sentidos.<\/li>\n<li>F\u00e1cil llenado y gran autonom\u00eda. Dep\u00f3sito de agua extra\u00edble de 1,7 L que permite realizar gran cantidad de caf\u00e9s sin tener que rellenar el dep\u00f3sito.<\/li>\n<li>Prepara hasta dos caf\u00e9s a la vez. Salida doble para caf\u00e9, que permite ahorrar tiempo en la preparaci\u00f3n sin renunciar al m\u00e1ximo sabor en cada taza.<\/li>\n<li>Atempera las tazas para caf\u00e9 perfectos. Bandeja calienta tazas que elimina el fr\u00edo de las tazas para que el caf\u00e9 est\u00e9 en las mejores condiciones desde el primer momento.<\/li>\n<\/ul>","protected":false},"excerpt":{"rendered":"<p><img decoding=\"async\" class=\"alignnone size-full wp-image-4560\" src=\"https:\/\/electromax-es.com\/wp-content\/uploads\/2025\/06\/Precio-especial-con-stock-limitado-solo-pagos-inmediatos-con-tarjeta.-2.png\" alt=\"\" width=\"369\" height=\"58\" \/><\/p>\n<div id='product-component-1757108359276'><\/div>\n<p><script type=\"text\/javascript\">\n\/*<![CDATA[*\/\n(function () {\n  var scriptURL = 'https:\/\/sdks.shopifycdn.com\/buy-button\/latest\/buy-button-storefront.min.js';\n  if (window.ShopifyBuy) {\n    if (window.ShopifyBuy.UI) {\n      ShopifyBuyInit();\n    } else {\n      loadScript();\n    }\n  } else {\n    loadScript();\n  }\n  function loadScript() {\n    var script = document.createElement('script');\n    script.async = true;\n    script.src = scriptURL;\n    (document.getElementsByTagName('head')[0] || document.getElementsByTagName('body')[0]).appendChild(script);\n    script.onload = ShopifyBuyInit;\n  }\n  function ShopifyBuyInit() {\n    var client = ShopifyBuy.buildClient({\n      domain: 'y1myw4-n0.myshopify.com',\n      storefrontAccessToken: '5b83aac4e54289b51059ca6d7de7d2d5',\n    });\n    ShopifyBuy.UI.onReady(client).then(function (ui) {\n      ui.createComponent('product', {\n        id: '9972051018011',\n        node: document.getElementById('product-component-1757108359276'),\n        moneyFormat: '%E2%82%AC%7B%7Bamount_with_comma_separator%7D%7D',\n        options: {\n  \"product\": {\n    \"styles\": {\n      \"product\": {\n        \"@media (min-width: 601px)\": {\n          \"max-width\": \"calc(25% - 20px)\",\n          \"margin-left\": \"20px\",\n          \"margin-bottom\": \"50px\"\n        }\n      },\n      \"button\": {\n        \"font-family\": \"Geneva, sans-serif\",\n        \"border-radius\": \"5px\",\n        \"padding-left\": \"37px\",\n        \"padding-right\": \"37px\"\n      }\n    },\n    \"contents\": {\n      \"img\": false,\n      \"title\": false,\n      \"price\": false\n    },\n    \"text\": {\n      \"button\": \"AGREGAR AL CARRITO\"\n    }\n  },\n  \"productSet\": {\n    \"styles\": {\n      \"products\": {\n        \"@media (min-width: 601px)\": {\n          \"margin-left\": \"-20px\"\n        }\n      }\n    }\n  },\n  \"modalProduct\": {\n    \"contents\": {\n      \"img\": false,\n      \"imgWithCarousel\": true,\n      \"button\": false,\n      \"buttonWithQuantity\": true\n    },\n    \"styles\": {\n      \"product\": {\n        \"@media (min-width: 601px)\": {\n          \"max-width\": \"100%\",\n          \"margin-left\": \"0px\",\n          \"margin-bottom\": \"0px\"\n        }\n      },\n      \"button\": {\n        \"font-family\": \"Geneva, sans-serif\",\n        \"border-radius\": \"5px\",\n        \"padding-left\": \"37px\",\n        \"padding-right\": \"37px\"\n      }\n    },\n    \"text\": {\n      \"button\": \"Add to cart\"\n    }\n  },\n  \"option\": {},\n  \"cart\": {\n    \"styles\": {\n      \"button\": {\n        \"font-family\": \"Geneva, sans-serif\",\n        \"border-radius\": \"5px\"\n      }\n    },\n    \"text\": {\n      \"title\": \"Carrito\",\n      \"total\": \"Subtotal\",\n      \"empty\": \"Su carrito est\u00e1 vac\u00edo.\",\n      \"notice\": \"Los c\u00f3digos de env\u00edo y descuento se agregan al momento del pago.\",\n      \"button\": \"Comprar Ahora\"\n    },\n    \"popup\": false\n  },\n  \"toggle\": {\n    \"styles\": {\n      \"toggle\": {\n        \"font-family\": \"Geneva, sans-serif\"\n      }\n    }\n  }\n},\n      });\n    });\n  }\n})();\n\/*]]>*\/\n<\/script><\/p>\n","protected":false},"featured_media":24856,"template":"","meta":[],"product_brand":[],"product_cat":[15,132],"product_tag":[],"class_list":{"0":"post-25073","1":"product","2":"type-product","3":"status-publish","4":"has-post-thumbnail","6":"product_cat-ofertas","7":"product_cat-cocina","9":"first","10":"instock","11":"sale","12":"shipping-taxable","13":"purchasable","14":"product-type-simple"},"_links":{"self":[{"href":"https:\/\/trilhavirtual.shop\/de\/wp-json\/wp\/v2\/product\/25073","targetHints":{"allow":["GET"]}}],"collection":[{"href":"https:\/\/trilhavirtual.shop\/de\/wp-json\/wp\/v2\/product"}],"about":[{"href":"https:\/\/trilhavirtual.shop\/de\/wp-json\/wp\/v2\/types\/product"}],"wp:featuredmedia":[{"embeddable":true,"href":"https:\/\/trilhavirtual.shop\/de\/wp-json\/wp\/v2\/media\/24856"}],"wp:attachment":[{"href":"https:\/\/trilhavirtual.shop\/de\/wp-json\/wp\/v2\/media?parent=25073"}],"wp:term":[{"taxonomy":"product_brand","embeddable":true,"href":"https:\/\/trilhavirtual.shop\/de\/wp-json\/wp\/v2\/product_brand?post=25073"},{"taxonomy":"product_cat","embeddable":true,"href":"https:\/\/trilhavirtual.shop\/de\/wp-json\/wp\/v2\/product_cat?post=25073"},{"taxonomy":"product_tag","embeddable":true,"href":"https:\/\/trilhavirtual.shop\/de\/wp-json\/wp\/v2\/product_tag?post=25073"}],"curies":[{"name":"wp","href":"https:\/\/api.w.org\/{rel}","templated":true}]}}