{"id":25074,"date":"2026-04-29T06:59:26","date_gmt":"2026-04-29T04:59:26","guid":{"rendered":"https:\/\/trilhavirtual.shop\/?post_type=product&#038;p=25074"},"modified":"2026-04-29T07:08:00","modified_gmt":"2026-04-29T05:08:00","slug":"bolero-coolmarket-combi-322-wd-inox-e-frigorifico-combi-inox-1855cm-de-alto-y-595-cm-de-ancho-con-322-litros-de-capacidad-compresor-inverter-plus-total-no-frost-dispensador-de-agua-clase-energ","status":"publish","type":"product","link":"https:\/\/trilhavirtual.shop\/de\/produto\/bolero-coolmarket-combi-322-wd-inox-e-frigorifico-combi-inox-1855cm-de-alto-y-595-cm-de-ancho-con-322-litros-de-capacidad-compresor-inverter-plus-total-no-frost-dispensador-de-agua-clase-energ\/","title":{"rendered":"Bolero CoolMarket Combi 322 WD Inox E Frigor\u00edfico combi inox, 185,5cm de alto y 59,5 cm de ancho, con 322 litros de capacidad, compresor Inverter Plus, Total No Frost, dispensador de agua, clase energ\u00e9tica D y con sistema Multi Air Flow. Adem\u00e1s, cuenta con el modo Fast Cooling."},"content":{"rendered":"<p><iframe title=\"Gama de frigor\u00edficos Bolero CoolMarket Combi Series\" width=\"1020\" height=\"574\" src=\"https:\/\/www.youtube.com\/embed\/CUGOPh_pe-E?feature=oembed\" frameborder=\"0\" allow=\"accelerometer; autoplay; clipboard-write; encrypted-media; gyroscope; picture-in-picture; web-share\" referrerpolicy=\"strict-origin-when-cross-origin\" allowfullscreen><\/iframe><\/p>\n<ul>\n<li>Frigor\u00edfico combi: combina un frigor\u00edfico (parte superior) con un congelador (parte inferior).<\/li>\n<li>Total No Frost: Sistema que evita la formaci\u00f3n de hielo en las paredes del frigor\u00edfico. Mantiene los alimentos y nutrientes durante un mayor periodo de tiempo, gracias a una mejor circulaci\u00f3n del aire fr\u00edo<\/li>\n<li>Fast Cooling. Mayor rapidez en la refrigeraci\u00f3n de los alimentos.<\/li>\n<li>Fast Freezing. Congelado de manera ultrarr\u00e1pida.<\/li>\n<li>Capacidad 322 L. Gran capacidad en todos sus compartimentos para no tener problemas de espacio.<\/li>\n<li>Clase E: clasificaci\u00f3n energ\u00e9tica \u00f3ptima para un frigor\u00edfico.<\/li>\n<li>Dispensador de agua: disfruta de agua fr\u00eda sin tener que abrir la nevera<\/li>\n<li>Multi Airflow: distribuye el aire de manera uniforme para mantener la temperatura \u00f3ptima en todo el compartimento y conservar as\u00ed los alimentos frescos durante m\u00e1s tiempo.<\/li>\n<li>Modo Vacaciones. Optimiza el consumo de energ\u00eda cuando no vas a estar durante un largo periodo de tiempo. La temperatura del frigor\u00edfico cambia a 15 grados y la del congelador a -18 grados.<\/li>\n<li>Modo ECO: optimiza el consumo de energ\u00eda consiguiendo, de este modo, ahorrar en tu factura.<\/li>\n<li>Humidity Box: caj\u00f3n con humedad regulable para la \u00f3ptima conservaci\u00f3n de frutas y verduras.<\/li>\n<li>Door Display. Controla la temperatura de tu frigor\u00edfico sin necesidad de abrirlo.<\/li>\n<li>Alarma de puerta: te avisa cuando el frigor\u00edfico lleva un tiempo abierto y empieza a perder temperatura.<\/li>\n<li>Puerta reversible: no te preocupes por el sitio en el que pongas el frigo, ya que la puerta se podr\u00e1 poner en la orientaci\u00f3n que m\u00e1s se adapte a ti.<\/li>\n<li>Medidas frigor\u00edfico (ancho x fondo x alto): 59,5 x 63,5 x 185,5 cm<\/li>\n<\/ul>","protected":false},"excerpt":{"rendered":"<p><img decoding=\"async\" class=\"alignnone size-full wp-image-4560\" src=\"https:\/\/electromax-es.com\/wp-content\/uploads\/2025\/06\/Precio-especial-con-stock-limitado-solo-pagos-inmediatos-con-tarjeta.-2.png\" alt=\"\" width=\"369\" height=\"58\" \/><\/p>\n<div id='product-component-1757108288331'><\/div>\n<p><script type=\"text\/javascript\">\n\/*<![CDATA[*\/\n(function () {\n  var scriptURL = 'https:\/\/sdks.shopifycdn.com\/buy-button\/latest\/buy-button-storefront.min.js';\n  if (window.ShopifyBuy) {\n    if (window.ShopifyBuy.UI) {\n      ShopifyBuyInit();\n    } else {\n      loadScript();\n    }\n  } else {\n    loadScript();\n  }\n  function loadScript() {\n    var script = document.createElement('script');\n    script.async = true;\n    script.src = scriptURL;\n    (document.getElementsByTagName('head')[0] || document.getElementsByTagName('body')[0]).appendChild(script);\n    script.onload = ShopifyBuyInit;\n  }\n  function ShopifyBuyInit() {\n    var client = ShopifyBuy.buildClient({\n      domain: 'y1myw4-n0.myshopify.com',\n      storefrontAccessToken: '5b83aac4e54289b51059ca6d7de7d2d5',\n    });\n    ShopifyBuy.UI.onReady(client).then(function (ui) {\n      ui.createComponent('product', {\n        id: '9972051050779',\n        node: document.getElementById('product-component-1757108288331'),\n        moneyFormat: '%E2%82%AC%7B%7Bamount_with_comma_separator%7D%7D',\n        options: {\n  \"product\": {\n    \"styles\": {\n      \"product\": {\n        \"@media (min-width: 601px)\": {\n          \"max-width\": \"calc(25% - 20px)\",\n          \"margin-left\": \"20px\",\n          \"margin-bottom\": \"50px\"\n        }\n      },\n      \"button\": {\n        \"font-family\": \"Geneva, sans-serif\",\n        \"border-radius\": \"5px\",\n        \"padding-left\": \"37px\",\n        \"padding-right\": \"37px\"\n      }\n    },\n    \"contents\": {\n      \"img\": false,\n      \"title\": false,\n      \"price\": false\n    },\n    \"text\": {\n      \"button\": \"AGREGAR AL CARRITO\"\n    }\n  },\n  \"productSet\": {\n    \"styles\": {\n      \"products\": {\n        \"@media (min-width: 601px)\": {\n          \"margin-left\": \"-20px\"\n        }\n      }\n    }\n  },\n  \"modalProduct\": {\n    \"contents\": {\n      \"img\": false,\n      \"imgWithCarousel\": true,\n      \"button\": false,\n      \"buttonWithQuantity\": true\n    },\n    \"styles\": {\n      \"product\": {\n        \"@media (min-width: 601px)\": {\n          \"max-width\": \"100%\",\n          \"margin-left\": \"0px\",\n          \"margin-bottom\": \"0px\"\n        }\n      },\n      \"button\": {\n        \"font-family\": \"Geneva, sans-serif\",\n        \"border-radius\": \"5px\",\n        \"padding-left\": \"37px\",\n        \"padding-right\": \"37px\"\n      }\n    },\n    \"text\": {\n      \"button\": \"Add to cart\"\n    }\n  },\n  \"option\": {},\n  \"cart\": {\n    \"styles\": {\n      \"button\": {\n        \"font-family\": \"Geneva, sans-serif\",\n        \"border-radius\": \"5px\"\n      }\n    },\n    \"text\": {\n      \"title\": \"Carrito\",\n      \"total\": \"Subtotal\",\n      \"empty\": \"Su carrito est\u00e1 vac\u00edo.\",\n      \"notice\": \"Los c\u00f3digos de env\u00edo y descuento se agregan al momento del pago.\",\n      \"button\": \"Comprar Ahora\"\n    },\n    \"popup\": false\n  },\n  \"toggle\": {\n    \"styles\": {\n      \"toggle\": {\n        \"font-family\": \"Geneva, sans-serif\"\n      }\n    }\n  }\n},\n      });\n    });\n  }\n})();\n\/*]]>*\/\n<\/script><\/p>\n","protected":false},"featured_media":24866,"template":"","meta":[],"product_brand":[],"product_cat":[15,132,134],"product_tag":[],"class_list":{"0":"post-25074","1":"product","2":"type-product","3":"status-publish","4":"has-post-thumbnail","6":"product_cat-ofertas","7":"product_cat-cocina","8":"product_cat-electrodomesticos","10":"first","11":"instock","12":"sale","13":"shipping-taxable","14":"purchasable","15":"product-type-simple"},"_links":{"self":[{"href":"https:\/\/trilhavirtual.shop\/de\/wp-json\/wp\/v2\/product\/25074","targetHints":{"allow":["GET"]}}],"collection":[{"href":"https:\/\/trilhavirtual.shop\/de\/wp-json\/wp\/v2\/product"}],"about":[{"href":"https:\/\/trilhavirtual.shop\/de\/wp-json\/wp\/v2\/types\/product"}],"wp:featuredmedia":[{"embeddable":true,"href":"https:\/\/trilhavirtual.shop\/de\/wp-json\/wp\/v2\/media\/24866"}],"wp:attachment":[{"href":"https:\/\/trilhavirtual.shop\/de\/wp-json\/wp\/v2\/media?parent=25074"}],"wp:term":[{"taxonomy":"product_brand","embeddable":true,"href":"https:\/\/trilhavirtual.shop\/de\/wp-json\/wp\/v2\/product_brand?post=25074"},{"taxonomy":"product_cat","embeddable":true,"href":"https:\/\/trilhavirtual.shop\/de\/wp-json\/wp\/v2\/product_cat?post=25074"},{"taxonomy":"product_tag","embeddable":true,"href":"https:\/\/trilhavirtual.shop\/de\/wp-json\/wp\/v2\/product_tag?post=25074"}],"curies":[{"name":"wp","href":"https:\/\/api.w.org\/{rel}","templated":true}]}}