{"id":25075,"date":"2026-04-29T06:59:26","date_gmt":"2026-04-29T04:59:26","guid":{"rendered":"https:\/\/trilhavirtual.shop\/?post_type=product&#038;p=25075"},"modified":"2026-04-29T07:07:11","modified_gmt":"2026-04-29T05:07:11","slug":"bolero-dresscode-8800-inverter-ice-blue-a-lavadora-de-carga-frontal-de-8kg-de-capacidad-y-1400rpm-clase-a-16-programas-motor-inverter-plus-steammax-lavado-inteligente-y-detector-de-carga","status":"publish","type":"product","link":"https:\/\/trilhavirtual.shop\/de\/produto\/bolero-dresscode-8800-inverter-ice-blue-a-lavadora-de-carga-frontal-de-8kg-de-capacidad-y-1400rpm-clase-a-16-programas-motor-inverter-plus-steammax-lavado-inteligente-y-detector-de-carga\/","title":{"rendered":"Bolero DressCode 8800 Inverter Ice Blue A Lavadora de carga frontal de 8kg de capacidad y 1400rpm, Clase A, 16 programas, Motor Inverter Plus, SteamMax, lavado inteligente y detector de carga."},"content":{"rendered":"<ul>\n<li>Gran capacidad: haz la colada para toda la familia gracias a su gran capacidad de carga de 8 kg.<\/li>\n<li>Ahorra en cada uso: con la etiqueta Clase A-10%, consigue la m\u00e1xima eficiencia energ\u00e9tica que permite un gran ahorro energ\u00e9tico en cada lavado.<\/li>\n<li>Eficiencia lavado tras lavado: su motor Inverter Plus garantiza un funcionamiento eficiente lavado tras lavado, lo que permite ahorrar\u00b9 m\u00e1s de un 70 % en comparaci\u00f3n con un motor universal. Adem\u00e1s, reduce el ruido durante su funcionamiento, sobre todo en la fase de centrifugado y lavado. \u00b9Reducci\u00f3n en un 70 % del consumo de electricidad basado en la comparativa de etiqueta energ\u00e9tica entre los modelos Bolero DressCode con Motor Inverter y los modelos Bolero DressCode sin Motor Inverter.<\/li>\n<li>Regula sus revoluciones: podr\u00e1s programar las revoluciones de la lavadora hasta 1400 rpm, adapt\u00e1ndose as\u00ed a tus tejidos y necesidades.<\/li>\n<li>Lavados a medida: un programa para cada momento y cada tejido para ofrecer siempre lavados a medida. Sus 16 programas ofrecen una gran variedad de opciones que se ajustan a todas tus necesidades y a todas tus prendas.<\/li>\n<li>Inteligencia a tu servicio: su funci\u00f3n OnSmart selecciona el programa ideal de forma autom\u00e1tica con solo pulsar un bot\u00f3n.<\/li>\n<li>Optimiza el agua y el tiempo: su funci\u00f3n Fuzzy Logic detecta la carga del lavado y optimiza el nivel de agua y tiempo de lavado.<\/li>\n<li>Lavado al vapor: la funci\u00f3n SteamMax se agrega antes del programa principal que lava la ropa mediante vapor. Envuelve la colada con vapor para penetrar eficazmente en cada prenda para esterilizarla y eliminar cualquier olor.<\/li>\n<li>Esteriliza tu ropa: con la funci\u00f3n SpaCare, la lavadora har\u00e1 una esterilizaci\u00f3n previa al lavado mediante vapor que deja la ropa 100 % libre de g\u00e9rmenes y bacterias.<\/li>\n<li>Mejor secado y deslizamiento: con el Pearl Drum, el tambor con textura de copo de nieve, se mejora el secado y deslizamiento de las prendas.<\/li>\n<li>M\u00e1s capacidad, mismo espacio: la tecnolog\u00eda Space Care ofrece m\u00e1s capacidad en el mismo espacio gracias al dise\u00f1o extraplano del tambor.<\/li>\n<li>Display touch: controla la lavadora de forma c\u00f3moda gracias a su display t\u00e1ctil XXL y conoce toda la informaci\u00f3n de cada lavado de un simple vistazo (tiempo de lavado, opciones seleccionadas, etapa del programas, etc.)<\/li>\n<li>Ultrasilencioso: gracias al sistema ESC ajusta el lavado y centrifugado a un modo ultra silencioso para que pueda utilizarse incluso por las noches. Con la funci\u00f3n Smooth Wash olv\u00eddate de los ruidos.<\/li>\n<li>Goma antibacteriana: evita la formaci\u00f3n de g\u00e9rmenes en el interior de la lavadora para que tu colada siempre salga perfecta.<\/li>\n<li>Stain Match: Selecciona el tipo de mancha ya preconfigurada para que se ajuste el lavado a ella.<\/li>\n<li>Evita accidentes: su tecnolog\u00eda Kid Lock, el bloqueo de seguridad para ni\u00f1os, evita que puedan controlar la lavadora e impide accidentes en tu hogar.<\/li>\n<li>Programa tus lavados: con la funci\u00f3n DelayStart podr\u00e1s programar el inicio del lavado entre 0 y 24 h antes.<\/li>\n<\/ul>","protected":false},"excerpt":{"rendered":"<p><img decoding=\"async\" class=\"alignnone size-full wp-image-4560\" src=\"https:\/\/electromax-es.com\/wp-content\/uploads\/2025\/06\/Precio-especial-con-stock-limitado-solo-pagos-inmediatos-con-tarjeta.-2.png\" alt=\"\" width=\"369\" height=\"58\" \/><\/p>\n<div id='product-component-1757108216814'><\/div>\n<p><script type=\"text\/javascript\">\n\/*<![CDATA[*\/\n(function () {\n  var scriptURL = 'https:\/\/sdks.shopifycdn.com\/buy-button\/latest\/buy-button-storefront.min.js';\n  if (window.ShopifyBuy) {\n    if (window.ShopifyBuy.UI) {\n      ShopifyBuyInit();\n    } else {\n      loadScript();\n    }\n  } else {\n    loadScript();\n  }\n  function loadScript() {\n    var script = document.createElement('script');\n    script.async = true;\n    script.src = scriptURL;\n    (document.getElementsByTagName('head')[0] || document.getElementsByTagName('body')[0]).appendChild(script);\n    script.onload = ShopifyBuyInit;\n  }\n  function ShopifyBuyInit() {\n    var client = ShopifyBuy.buildClient({\n      domain: 'y1myw4-n0.myshopify.com',\n      storefrontAccessToken: '5b83aac4e54289b51059ca6d7de7d2d5',\n    });\n    ShopifyBuy.UI.onReady(client).then(function (ui) {\n      ui.createComponent('product', {\n        id: '9972051083547',\n        node: document.getElementById('product-component-1757108216814'),\n        moneyFormat: '%E2%82%AC%7B%7Bamount_with_comma_separator%7D%7D',\n        options: {\n  \"product\": {\n    \"styles\": {\n      \"product\": {\n        \"@media (min-width: 601px)\": {\n          \"max-width\": \"calc(25% - 20px)\",\n          \"margin-left\": \"20px\",\n          \"margin-bottom\": \"50px\"\n        }\n      },\n      \"button\": {\n        \"font-family\": \"Geneva, sans-serif\",\n        \"border-radius\": \"5px\",\n        \"padding-left\": \"37px\",\n        \"padding-right\": \"37px\"\n      }\n    },\n    \"contents\": {\n      \"img\": false,\n      \"title\": false,\n      \"price\": false\n    },\n    \"text\": {\n      \"button\": \"AGREGAR AL CARRITO\"\n    }\n  },\n  \"productSet\": {\n    \"styles\": {\n      \"products\": {\n        \"@media (min-width: 601px)\": {\n          \"margin-left\": \"-20px\"\n        }\n      }\n    }\n  },\n  \"modalProduct\": {\n    \"contents\": {\n      \"img\": false,\n      \"imgWithCarousel\": true,\n      \"button\": false,\n      \"buttonWithQuantity\": true\n    },\n    \"styles\": {\n      \"product\": {\n        \"@media (min-width: 601px)\": {\n          \"max-width\": \"100%\",\n          \"margin-left\": \"0px\",\n          \"margin-bottom\": \"0px\"\n        }\n      },\n      \"button\": {\n        \"font-family\": \"Geneva, sans-serif\",\n        \"border-radius\": \"5px\",\n        \"padding-left\": \"37px\",\n        \"padding-right\": \"37px\"\n      }\n    },\n    \"text\": {\n      \"button\": \"Add to cart\"\n    }\n  },\n  \"option\": {},\n  \"cart\": {\n    \"styles\": {\n      \"button\": {\n        \"font-family\": \"Geneva, sans-serif\",\n        \"border-radius\": \"5px\"\n      }\n    },\n    \"text\": {\n      \"title\": \"Carrito\",\n      \"total\": \"Subtotal\",\n      \"empty\": \"Su carrito est\u00e1 vac\u00edo.\",\n      \"notice\": \"Los c\u00f3digos de env\u00edo y descuento se agregan al momento del pago.\",\n      \"button\": \"Comprar Ahora\"\n    },\n    \"popup\": false\n  },\n  \"toggle\": {\n    \"styles\": {\n      \"toggle\": {\n        \"font-family\": \"Geneva, sans-serif\"\n      }\n    }\n  }\n},\n      });\n    });\n  }\n})();\n\/*]]>*\/\n<\/script><\/p>\n","protected":false},"featured_media":24881,"template":"","meta":[],"product_brand":[],"product_cat":[15,134,133],"product_tag":[],"class_list":{"0":"post-25075","1":"product","2":"type-product","3":"status-publish","4":"has-post-thumbnail","6":"product_cat-ofertas","7":"product_cat-electrodomesticos","8":"product_cat-lavanderia","10":"first","11":"instock","12":"sale","13":"shipping-taxable","14":"purchasable","15":"product-type-simple"},"_links":{"self":[{"href":"https:\/\/trilhavirtual.shop\/de\/wp-json\/wp\/v2\/product\/25075","targetHints":{"allow":["GET"]}}],"collection":[{"href":"https:\/\/trilhavirtual.shop\/de\/wp-json\/wp\/v2\/product"}],"about":[{"href":"https:\/\/trilhavirtual.shop\/de\/wp-json\/wp\/v2\/types\/product"}],"wp:featuredmedia":[{"embeddable":true,"href":"https:\/\/trilhavirtual.shop\/de\/wp-json\/wp\/v2\/media\/24881"}],"wp:attachment":[{"href":"https:\/\/trilhavirtual.shop\/de\/wp-json\/wp\/v2\/media?parent=25075"}],"wp:term":[{"taxonomy":"product_brand","embeddable":true,"href":"https:\/\/trilhavirtual.shop\/de\/wp-json\/wp\/v2\/product_brand?post=25075"},{"taxonomy":"product_cat","embeddable":true,"href":"https:\/\/trilhavirtual.shop\/de\/wp-json\/wp\/v2\/product_cat?post=25075"},{"taxonomy":"product_tag","embeddable":true,"href":"https:\/\/trilhavirtual.shop\/de\/wp-json\/wp\/v2\/product_tag?post=25075"}],"curies":[{"name":"wp","href":"https:\/\/api.w.org\/{rel}","templated":true}]}}