{"id":25078,"date":"2026-04-29T06:59:26","date_gmt":"2026-04-29T04:59:26","guid":{"rendered":"https:\/\/trilhavirtual.shop\/?post_type=product&#038;p=25078"},"modified":"2026-04-29T07:07:19","modified_gmt":"2026-04-29T05:07:19","slug":"bolero-washdry-10680-inverter-steel-b-lavadora-secadora-de-10-kg-6-kg-de-capacidad-y-1400-rpm-16-programas-motor-inverter-plus-clase-b-lavado-inteligente-y-detector-de-carga","status":"publish","type":"product","link":"https:\/\/trilhavirtual.shop\/de\/produto\/bolero-washdry-10680-inverter-steel-b-lavadora-secadora-de-10-kg-6-kg-de-capacidad-y-1400-rpm-16-programas-motor-inverter-plus-clase-b-lavado-inteligente-y-detector-de-carga\/","title":{"rendered":"Bolero Wash&#038;Dry 10680 Inverter Steel B Lavadora secadora de 10 kg &#8211; 6 kg de capacidad y 1400 rpm, 16 programas, Motor Inverter Plus, clase B, lavado inteligente y detector de carga."},"content":{"rendered":"<p><iframe title=\"Gama Lavadoras secadora Bolero Wash&amp;Dry Inverter B\" width=\"1020\" height=\"574\" src=\"https:\/\/www.youtube.com\/embed\/oUcjJh2UKVQ?feature=oembed\" frameborder=\"0\" allow=\"accelerometer; autoplay; clipboard-write; encrypted-media; gyroscope; picture-in-picture; web-share\" referrerpolicy=\"strict-origin-when-cross-origin\" allowfullscreen><\/iframe><\/p>\n<ul>\n<li>Capacidad de carga 10 &#8211; 6 kg<\/li>\n<li>Motor Inverter Plus: garantiza un funcionamiento eficiente lavado tras lavado, lo que permite ahorrar m\u00e1s de un 70% en comparaci\u00f3n con un motor universal. Adem\u00e1s, reduce el ruido durante su funcionamiento, sobre todo en la fase de centrifugado y lavado.<\/li>\n<li>16 programas: un programa para cada momento y cada tejido para ofrecer siempre lavados a medida que se ajustan a todas tus necesidades.<\/li>\n<li>Fuzzy logic: detecta la carga del lavado y optimiza el nivel de agua y tiempo de lavado.<\/li>\n<li>Spa Care: funci\u00f3n de esterilizaci\u00f3n previa al lavado mediante vapor que deja la ropa 100 % libre de g\u00e9rmenes y bacterias.<\/li>\n<li>Space Pro: m\u00e1s capacidad en el mismo espacio gracias al dise\u00f1o exptraplano del tambor.<\/li>\n<li>DelayStart: programa el inicio del lavado entre 0 y 24 h antes.<\/li>\n<li>KidLock: bloqueo de seguridad para ni\u00f1os.<\/li>\n<li>Comfort Mode: gracias al sistema ESC ajusta el lavado y centrifugado a un modo ultra silencioso para que pueda utilizarse incluso por las noches<\/li>\n<li>Display touch: controla la lavadora de forma c\u00f3moda gracias a su display t\u00e1ctil XXL y conoce toda la informaci\u00f3n de cada lavado de un simple vistazo (tiempo de lavado, opciones seleccionadas, etapa del programa, etc.)<\/li>\n<li>Pearl Drum: tambor con textura de copo de nieve que mejora el secado y deslizamiento de las prendas.<\/li>\n<li>SteamMax: funci\u00f3n agregada antes del programa principal que lava la ropa mediante vapor. Envuelve la colada con vapor para penetrar eficazmente en cada prenda para esterelizarla y eliminar cualquier olor.<\/li>\n<li>OnSmart: lavado inteligente que selecciona el programa ideal de forma autom\u00e1tica con solo pulsar un bot\u00f3n.<\/li>\n<li>Revoluciones programables: m\u00e1x 1400 rpm.<\/li>\n<li>Clase B.<\/li>\n<\/ul>","protected":false},"excerpt":{"rendered":"<p><img decoding=\"async\" class=\"alignnone size-full wp-image-4560\" src=\"https:\/\/electromax-es.com\/wp-content\/uploads\/2025\/06\/Precio-especial-con-stock-limitado-solo-pagos-inmediatos-con-tarjeta.-2.png\" alt=\"\" width=\"369\" height=\"58\" \/><\/p>\n<div id='product-component-1757107892572'><\/div>\n<p><script type=\"text\/javascript\">\n\/*<![CDATA[*\/\n(function () {\n  var scriptURL = 'https:\/\/sdks.shopifycdn.com\/buy-button\/latest\/buy-button-storefront.min.js';\n  if (window.ShopifyBuy) {\n    if (window.ShopifyBuy.UI) {\n      ShopifyBuyInit();\n    } else {\n      loadScript();\n    }\n  } else {\n    loadScript();\n  }\n  function loadScript() {\n    var script = document.createElement('script');\n    script.async = true;\n    script.src = scriptURL;\n    (document.getElementsByTagName('head')[0] || document.getElementsByTagName('body')[0]).appendChild(script);\n    script.onload = ShopifyBuyInit;\n  }\n  function ShopifyBuyInit() {\n    var client = ShopifyBuy.buildClient({\n      domain: 'y1myw4-n0.myshopify.com',\n      storefrontAccessToken: '5b83aac4e54289b51059ca6d7de7d2d5',\n    });\n    ShopifyBuy.UI.onReady(client).then(function (ui) {\n      ui.createComponent('product', {\n        id: '9972051214619',\n        node: document.getElementById('product-component-1757107892572'),\n        moneyFormat: '%E2%82%AC%7B%7Bamount_with_comma_separator%7D%7D',\n        options: {\n  \"product\": {\n    \"styles\": {\n      \"product\": {\n        \"@media (min-width: 601px)\": {\n          \"max-width\": \"calc(25% - 20px)\",\n          \"margin-left\": \"20px\",\n          \"margin-bottom\": \"50px\"\n        }\n      },\n      \"button\": {\n        \"font-family\": \"Geneva, sans-serif\",\n        \"border-radius\": \"5px\",\n        \"padding-left\": \"37px\",\n        \"padding-right\": \"37px\"\n      }\n    },\n    \"contents\": {\n      \"img\": false,\n      \"title\": false,\n      \"price\": false\n    },\n    \"text\": {\n      \"button\": \"AGREGAR AL CARRITO\"\n    }\n  },\n  \"productSet\": {\n    \"styles\": {\n      \"products\": {\n        \"@media (min-width: 601px)\": {\n          \"margin-left\": \"-20px\"\n        }\n      }\n    }\n  },\n  \"modalProduct\": {\n    \"contents\": {\n      \"img\": false,\n      \"imgWithCarousel\": true,\n      \"button\": false,\n      \"buttonWithQuantity\": true\n    },\n    \"styles\": {\n      \"product\": {\n        \"@media (min-width: 601px)\": {\n          \"max-width\": \"100%\",\n          \"margin-left\": \"0px\",\n          \"margin-bottom\": \"0px\"\n        }\n      },\n      \"button\": {\n        \"font-family\": \"Geneva, sans-serif\",\n        \"border-radius\": \"5px\",\n        \"padding-left\": \"37px\",\n        \"padding-right\": \"37px\"\n      }\n    },\n    \"text\": {\n      \"button\": \"Add to cart\"\n    }\n  },\n  \"option\": {},\n  \"cart\": {\n    \"styles\": {\n      \"button\": {\n        \"font-family\": \"Geneva, sans-serif\",\n        \"border-radius\": \"5px\"\n      }\n    },\n    \"text\": {\n      \"title\": \"Carrito\",\n      \"total\": \"Subtotal\",\n      \"empty\": \"Su carrito est\u00e1 vac\u00edo.\",\n      \"notice\": \"Los c\u00f3digos de env\u00edo y descuento se agregan al momento del pago.\",\n      \"button\": \"Comprar Ahora\"\n    },\n    \"popup\": false\n  },\n  \"toggle\": {\n    \"styles\": {\n      \"toggle\": {\n        \"font-family\": \"Geneva, sans-serif\"\n      }\n    }\n  }\n},\n      });\n    });\n  }\n})();\n\/*]]>*\/\n<\/script><\/p>\n","protected":false},"featured_media":24924,"template":"","meta":[],"product_brand":[],"product_cat":[15,134,133],"product_tag":[],"class_list":{"0":"post-25078","1":"product","2":"type-product","3":"status-publish","4":"has-post-thumbnail","6":"product_cat-ofertas","7":"product_cat-electrodomesticos","8":"product_cat-lavanderia","10":"first","11":"instock","12":"sale","13":"shipping-taxable","14":"purchasable","15":"product-type-simple"},"_links":{"self":[{"href":"https:\/\/trilhavirtual.shop\/de\/wp-json\/wp\/v2\/product\/25078","targetHints":{"allow":["GET"]}}],"collection":[{"href":"https:\/\/trilhavirtual.shop\/de\/wp-json\/wp\/v2\/product"}],"about":[{"href":"https:\/\/trilhavirtual.shop\/de\/wp-json\/wp\/v2\/types\/product"}],"wp:featuredmedia":[{"embeddable":true,"href":"https:\/\/trilhavirtual.shop\/de\/wp-json\/wp\/v2\/media\/24924"}],"wp:attachment":[{"href":"https:\/\/trilhavirtual.shop\/de\/wp-json\/wp\/v2\/media?parent=25078"}],"wp:term":[{"taxonomy":"product_brand","embeddable":true,"href":"https:\/\/trilhavirtual.shop\/de\/wp-json\/wp\/v2\/product_brand?post=25078"},{"taxonomy":"product_cat","embeddable":true,"href":"https:\/\/trilhavirtual.shop\/de\/wp-json\/wp\/v2\/product_cat?post=25078"},{"taxonomy":"product_tag","embeddable":true,"href":"https:\/\/trilhavirtual.shop\/de\/wp-json\/wp\/v2\/product_tag?post=25078"}],"curies":[{"name":"wp","href":"https:\/\/api.w.org\/{rel}","templated":true}]}}