{"id":25079,"date":"2026-04-29T06:59:26","date_gmt":"2026-04-29T04:59:26","guid":{"rendered":"https:\/\/trilhavirtual.shop\/?post_type=product&#038;p=25079"},"modified":"2026-04-29T07:06:56","modified_gmt":"2026-04-29T05:06:56","slug":"bolero-washdry-10700-inverter-lavadora-secadora-10-kg-7-kg-de-secado-carga-frontal-1500-rpm-1900-w-motor-inverter-plus-15-programas-hygienepro-delaystart","status":"publish","type":"product","link":"https:\/\/trilhavirtual.shop\/de\/produto\/bolero-washdry-10700-inverter-lavadora-secadora-10-kg-7-kg-de-secado-carga-frontal-1500-rpm-1900-w-motor-inverter-plus-15-programas-hygienepro-delaystart\/","title":{"rendered":"Bolero Wash&#038;Dry 10700 Inverter. Lavadora Secadora 10 Kg + 7 Kg de Secado Carga Frontal 1500 rpm, 1900 W, Motor Inverter Plus, 15 Programas, HygienePro, DelayStart"},"content":{"rendered":"<p><iframe title=\"Lavadora Bolero Wash&amp;Dry 10700 Inverter\" width=\"1020\" height=\"574\" src=\"https:\/\/www.youtube.com\/embed\/umFsp8OvdxY?feature=oembed\" frameborder=\"0\" allow=\"accelerometer; autoplay; clipboard-write; encrypted-media; gyroscope; picture-in-picture; web-share\" referrerpolicy=\"strict-origin-when-cross-origin\" allowfullscreen><\/iframe><\/p>\n<p>Lavadora secadora de 10 y 7 kg de capacidad de lavado y secado, respectivamente. 1500 rpm m\u00e1ximas, motor Inverter Plus y funci\u00f3n HygienePro. Programa BabySafe, adem\u00e1s de la funci\u00f3n Stop&amp;Go y DelayStart.<\/p>\n<ul>\n<li>Capacidad de lavado: 10 kg<\/li>\n<li>Capacidad de secado: 7 kg<\/li>\n<li>Revoluciones programables: m\u00e1x 1500 rpm.<\/li>\n<li>Motor Inverter Plus: rendimiento de alta calidad y m\u00e1xima durabilidad. Ahorro de energ\u00eda, con disminuci\u00f3n de vibraciones y ruido.<\/li>\n<li>15 programas para diferentes tejidos y funciones: InstantWash 15\u2019 y 45\u2019, 20\u00baC, Intensivo, ECO 40-60, Lana, Ropa cama, Jeans, Aclarado, Centrifugado, Lavado y Secado, Secado, BabySafe, Mixto y Algod\u00f3n, con temperaturas regulables.<\/li>\n<li>Panel de control con display LED y botones Touch. Da informaci\u00f3n como el tiempo restante de lavado as\u00ed como las funciones que hayas elegido para el programa.<\/li>\n<li>Funci\u00f3n Stop&amp;Go: para la lavadora durante su funcionamiento para recargarla.<\/li>\n<li>DelayStart: programa la lavadora-secadora entre 0 y 24 h antes, con el inicio en diferido.<\/li>\n<li>HygienePro: higienizaci\u00f3n total al final de cada ciclo de lavado mediante tres sistemas. AutoClean, limpia el tambor, tanto interior como exterior. EasySpray elimina detergente residual de la junta y la ropa. SafeGasket, junta antibacteriana. Ambiente siempre limpio para tu siguiente colada.<\/li>\n<li>Programa BabySafe: aumenta la entrada de agua durante cada etapa de enjuague para reducir los residuos de detergente en la ropa garantizando la protecci\u00f3n y salud de los ni\u00f1os.<\/li>\n<li>Funci\u00f3n Secado autom\u00e1tico: selecciona esta funci\u00f3n para secar la ropa de modo autom\u00e1tico.<\/li>\n<li>Funci\u00f3n Secado extra: le da un secado m\u00e1s a la ropa y sale lista para el uso.<\/li>\n<li>KidLock: bloqueo de seguridad para ni\u00f1os.<\/li>\n<li>Funci\u00f3n Silence: silencia la lavadora, tanto el final de ciclo como sus sonidos de funcionamiento.<\/li>\n<li>DiamondCare: Cuida la ropa y desincrusta la suciedad. Especial textura en forma de diamante del tambor que facilita, y mejora, la limpieza y el deslizamiento de las prendas, lav\u00e1ndolas con sumo cuidado y delicadeza.<\/li>\n<li>Medidas: 59.5 x 56.5 x 85 cm.<\/li>\n<li>Peso: 72 kg.<\/li>\n<\/ul>","protected":false},"excerpt":{"rendered":"<p><img decoding=\"async\" class=\"alignnone size-full wp-image-4560\" src=\"https:\/\/electromax-es.com\/wp-content\/uploads\/2025\/06\/Precio-especial-con-stock-limitado-solo-pagos-inmediatos-con-tarjeta.-2.png\" alt=\"\" width=\"369\" height=\"58\" \/><\/p>\n<div id='product-component-1757107766948'><\/div>\n<p><script type=\"text\/javascript\">\n\/*<![CDATA[*\/\n(function () {\n  var scriptURL = 'https:\/\/sdks.shopifycdn.com\/buy-button\/latest\/buy-button-storefront.min.js';\n  if (window.ShopifyBuy) {\n    if (window.ShopifyBuy.UI) {\n      ShopifyBuyInit();\n    } else {\n      loadScript();\n    }\n  } else {\n    loadScript();\n  }\n  function loadScript() {\n    var script = document.createElement('script');\n    script.async = true;\n    script.src = scriptURL;\n    (document.getElementsByTagName('head')[0] || document.getElementsByTagName('body')[0]).appendChild(script);\n    script.onload = ShopifyBuyInit;\n  }\n  function ShopifyBuyInit() {\n    var client = ShopifyBuy.buildClient({\n      domain: 'y1myw4-n0.myshopify.com',\n      storefrontAccessToken: '5b83aac4e54289b51059ca6d7de7d2d5',\n    });\n    ShopifyBuy.UI.onReady(client).then(function (ui) {\n      ui.createComponent('product', {\n        id: '9972051247387',\n        node: document.getElementById('product-component-1757107766948'),\n        moneyFormat: '%E2%82%AC%7B%7Bamount_with_comma_separator%7D%7D',\n        options: {\n  \"product\": {\n    \"styles\": {\n      \"product\": {\n        \"@media (min-width: 601px)\": {\n          \"max-width\": \"calc(25% - 20px)\",\n          \"margin-left\": \"20px\",\n          \"margin-bottom\": \"50px\"\n        }\n      },\n      \"button\": {\n        \"font-family\": \"Geneva, sans-serif\",\n        \"border-radius\": \"5px\",\n        \"padding-left\": \"37px\",\n        \"padding-right\": \"37px\"\n      }\n    },\n    \"contents\": {\n      \"img\": false,\n      \"title\": false,\n      \"price\": false\n    },\n    \"text\": {\n      \"button\": \"AGREGAR AL CARRITO\"\n    }\n  },\n  \"productSet\": {\n    \"styles\": {\n      \"products\": {\n        \"@media (min-width: 601px)\": {\n          \"margin-left\": \"-20px\"\n        }\n      }\n    }\n  },\n  \"modalProduct\": {\n    \"contents\": {\n      \"img\": false,\n      \"imgWithCarousel\": true,\n      \"button\": false,\n      \"buttonWithQuantity\": true\n    },\n    \"styles\": {\n      \"product\": {\n        \"@media (min-width: 601px)\": {\n          \"max-width\": \"100%\",\n          \"margin-left\": \"0px\",\n          \"margin-bottom\": \"0px\"\n        }\n      },\n      \"button\": {\n        \"font-family\": \"Geneva, sans-serif\",\n        \"border-radius\": \"5px\",\n        \"padding-left\": \"37px\",\n        \"padding-right\": \"37px\"\n      }\n    },\n    \"text\": {\n      \"button\": \"Add to cart\"\n    }\n  },\n  \"option\": {},\n  \"cart\": {\n    \"styles\": {\n      \"button\": {\n        \"font-family\": \"Geneva, sans-serif\",\n        \"border-radius\": \"5px\"\n      }\n    },\n    \"text\": {\n      \"title\": \"Carrito\",\n      \"total\": \"Subtotal\",\n      \"empty\": \"Su carrito est\u00e1 vac\u00edo.\",\n      \"notice\": \"Los c\u00f3digos de env\u00edo y descuento se agregan al momento del pago.\",\n      \"button\": \"Comprar Ahora\"\n    },\n    \"popup\": false\n  },\n  \"toggle\": {\n    \"styles\": {\n      \"toggle\": {\n        \"font-family\": \"Geneva, sans-serif\"\n      }\n    }\n  }\n},\n      });\n    });\n  }\n})();\n\/*]]>*\/\n<\/script><\/p>\n","protected":false},"featured_media":24938,"template":"","meta":[],"product_brand":[],"product_cat":[15,134,133],"product_tag":[],"class_list":{"0":"post-25079","1":"product","2":"type-product","3":"status-publish","4":"has-post-thumbnail","6":"product_cat-ofertas","7":"product_cat-electrodomesticos","8":"product_cat-lavanderia","10":"first","11":"instock","12":"sale","13":"shipping-taxable","14":"purchasable","15":"product-type-simple"},"_links":{"self":[{"href":"https:\/\/trilhavirtual.shop\/de\/wp-json\/wp\/v2\/product\/25079","targetHints":{"allow":["GET"]}}],"collection":[{"href":"https:\/\/trilhavirtual.shop\/de\/wp-json\/wp\/v2\/product"}],"about":[{"href":"https:\/\/trilhavirtual.shop\/de\/wp-json\/wp\/v2\/types\/product"}],"wp:featuredmedia":[{"embeddable":true,"href":"https:\/\/trilhavirtual.shop\/de\/wp-json\/wp\/v2\/media\/24938"}],"wp:attachment":[{"href":"https:\/\/trilhavirtual.shop\/de\/wp-json\/wp\/v2\/media?parent=25079"}],"wp:term":[{"taxonomy":"product_brand","embeddable":true,"href":"https:\/\/trilhavirtual.shop\/de\/wp-json\/wp\/v2\/product_brand?post=25079"},{"taxonomy":"product_cat","embeddable":true,"href":"https:\/\/trilhavirtual.shop\/de\/wp-json\/wp\/v2\/product_cat?post=25079"},{"taxonomy":"product_tag","embeddable":true,"href":"https:\/\/trilhavirtual.shop\/de\/wp-json\/wp\/v2\/product_tag?post=25079"}],"curies":[{"name":"wp","href":"https:\/\/api.w.org\/{rel}","templated":true}]}}