{"id":25081,"date":"2026-04-29T06:59:26","date_gmt":"2026-04-29T04:59:26","guid":{"rendered":"https:\/\/trilhavirtual.shop\/?post_type=product&#038;p=25081"},"modified":"2026-04-29T07:08:00","modified_gmt":"2026-04-29T05:08:00","slug":"bolero-aguazero-6102-full-bi-e-lavavajillas-bolero-integrable-de-60cm-12-cubiertos-y-7-programas-con-comienzo-diferido","status":"publish","type":"product","link":"https:\/\/trilhavirtual.shop\/de\/produto\/bolero-aguazero-6102-full-bi-e-lavavajillas-bolero-integrable-de-60cm-12-cubiertos-y-7-programas-con-comienzo-diferido\/","title":{"rendered":"Bolero Aguazero 6102 Full-BI E Lavavajillas Bolero integrable de 60cm, 12 cubiertos y 7 programas con comienzo diferido."},"content":{"rendered":"<ul>\n<li>12 cubiertos. Gran capacidad de hasta 12 cubiertos para que puedas lavar todo lo que necesites independientemente de la situaci\u00f3n en la que te encuentres: a diario, una celebraci\u00f3n, etc.<\/li>\n<li>7 programas: Elige el programa que m\u00e1s se adapte a tus necesidades en funci\u00f3n de lo que tengas que lavar: ollas, vajilla de diario, cristaler\u00eda delicada, etc., ajust\u00e1ndose en tiempo y temperatura.<\/li>\n<li>Clase E: consumo de electricidad \u00f3ptimo en cada lavado.<\/li>\n<li>Media carga: la posibilidad de poner el lavavajillas sin que est\u00e9 al completo y sin que gaste la misma cantidad de recursos que si estuviera lleno.<\/li>\n<li>Programa 3 en 1: programa dedicado a pastillas 3 en 1 (detergente, abrillantador y quitagrasas)<\/li>\n<li>Delay Start: programa el lavavajillas entre y 24 h antes, con el inicio en diferido.<\/li>\n<li>Dry+: extiende el proceso de secado entre 1 a 15min para mejorar su rendimiento.<\/li>\n<li>FullTouch: panel t\u00e1ctil muy intuitivo y f\u00e1cil de usar.<\/li>\n<li>Child Lock: bloqueo de seguridad para ni\u00f1os.<\/li>\n<\/ul>","protected":false},"excerpt":{"rendered":"<p><img decoding=\"async\" class=\"alignnone size-full wp-image-4560\" src=\"https:\/\/electromax-es.com\/wp-content\/uploads\/2025\/06\/Precio-especial-con-stock-limitado-solo-pagos-inmediatos-con-tarjeta.-2.png\" alt=\"\" width=\"369\" height=\"58\" \/><\/p>\n<p><script type=\"text\/javascript\">\n\/*<![CDATA[*\/ (function () { var scriptURL = 'https:\/\/sdks.shopifycdn.com\/buy-button\/latest\/buy-button-storefront.min.js'; if (window.ShopifyBuy) { if (window.ShopifyBuy.UI) { ShopifyBuyInit(); } else { loadScript(); } } else { loadScript(); } function loadScript() { var script = document.createElement('script'); script.async = true; script.src = scriptURL; (document.getElementsByTagName('head')[0] || document.getElementsByTagName('body')[0]).appendChild(script); script.onload = ShopifyBuyInit; } function ShopifyBuyInit() { var client = ShopifyBuy.buildClient({ domain: 'y1myw4-n0.myshopify.com', storefrontAccessToken: '5b83aac4e54289b51059ca6d7de7d2d5', }); ShopifyBuy.UI.onReady(client).then(function (ui) { ui.createComponent('product', { id: '9972051312923', node: document.getElementById('product-component-1757107579105'), moneyFormat: '%E2%82%AC%7B%7Bamount_with_comma_separator%7D%7D', options: { \"product\": { \"styles\": { \"product\": { \"@media (min-width: 601px)\": { \"max-width\": \"calc(25% - 20px)\", \"margin-left\": \"20px\", \"margin-bottom\": \"50px\" } }, \"button\": { \"font-family\": \"Geneva, sans-serif\", \"border-radius\": \"5px\", \"padding-left\": \"37px\", \"padding-right\": \"37px\" } }, \"contents\": { \"img\": false, \"title\": false, \"price\": false }, \"text\": { \"button\": \"AGREGAR AL CARRITO\" } }, \"productSet\": { \"styles\": { \"products\": { \"@media (min-width: 601px)\": { \"margin-left\": \"-20px\" } } } }, \"modalProduct\": { \"contents\": { \"img\": false, \"imgWithCarousel\": true, \"button\": false, \"buttonWithQuantity\": true }, \"styles\": { \"product\": { \"@media (min-width: 601px)\": { \"max-width\": \"100%\", \"margin-left\": \"0px\", \"margin-bottom\": \"0px\" } }, \"button\": { \"font-family\": \"Geneva, sans-serif\", \"border-radius\": \"5px\", \"padding-left\": \"37px\", \"padding-right\": \"37px\" } }, \"text\": { \"button\": \"Add to cart\" } }, \"option\": {}, \"cart\": { \"styles\": { \"button\": { \"font-family\": \"Geneva, sans-serif\", \"border-radius\": \"5px\" } }, \"text\": { \"title\": \"Carrito\", \"total\": \"Subtotal\", \"empty\": \"Su carrito est\u00e1 vac\u00edo.\", \"notice\": \"Los c\u00f3digos de env\u00edo y descuento se agregan al momento del pago.\", \"button\": \"Comprar Ahora\" }, \"popup\": false }, \"toggle\": { \"styles\": { \"toggle\": { \"font-family\": \"Geneva, sans-serif\" } } } }, }); }); } })(); \/*]]>*\/\n<\/script><\/p>\n","protected":false},"featured_media":24965,"template":"","meta":[],"product_brand":[],"product_cat":[15,132],"product_tag":[],"class_list":{"0":"post-25081","1":"product","2":"type-product","3":"status-publish","4":"has-post-thumbnail","6":"product_cat-ofertas","7":"product_cat-cocina","9":"first","10":"instock","11":"sale","12":"shipping-taxable","13":"purchasable","14":"product-type-simple"},"_links":{"self":[{"href":"https:\/\/trilhavirtual.shop\/de\/wp-json\/wp\/v2\/product\/25081","targetHints":{"allow":["GET"]}}],"collection":[{"href":"https:\/\/trilhavirtual.shop\/de\/wp-json\/wp\/v2\/product"}],"about":[{"href":"https:\/\/trilhavirtual.shop\/de\/wp-json\/wp\/v2\/types\/product"}],"wp:featuredmedia":[{"embeddable":true,"href":"https:\/\/trilhavirtual.shop\/de\/wp-json\/wp\/v2\/media\/24965"}],"wp:attachment":[{"href":"https:\/\/trilhavirtual.shop\/de\/wp-json\/wp\/v2\/media?parent=25081"}],"wp:term":[{"taxonomy":"product_brand","embeddable":true,"href":"https:\/\/trilhavirtual.shop\/de\/wp-json\/wp\/v2\/product_brand?post=25081"},{"taxonomy":"product_cat","embeddable":true,"href":"https:\/\/trilhavirtual.shop\/de\/wp-json\/wp\/v2\/product_cat?post=25081"},{"taxonomy":"product_tag","embeddable":true,"href":"https:\/\/trilhavirtual.shop\/de\/wp-json\/wp\/v2\/product_tag?post=25081"}],"curies":[{"name":"wp","href":"https:\/\/api.w.org\/{rel}","templated":true}]}}