{"id":25082,"date":"2026-04-29T06:59:26","date_gmt":"2026-04-29T04:59:26","guid":{"rendered":"https:\/\/trilhavirtual.shop\/?post_type=product&#038;p=25082"},"modified":"2026-04-29T07:08:00","modified_gmt":"2026-04-29T05:08:00","slug":"bolero-aguazero-4201-e-lavavajillas-bolero-de-45cm-11-cubiertos-6-programas-con-dual-zone-wash-y-comienzo-diferido","status":"publish","type":"product","link":"https:\/\/trilhavirtual.shop\/de\/produto\/bolero-aguazero-4201-e-lavavajillas-bolero-de-45cm-11-cubiertos-6-programas-con-dual-zone-wash-y-comienzo-diferido\/","title":{"rendered":"Bolero Aguazero 4201 E Lavavajillas bolero de 45cm, 11 cubiertos, 6 programas con Dual Zone Wash y comienzo diferido."},"content":{"rendered":"<p><iframe title=\"Gama de lavavajillas Bolero Aguazero 4201\" width=\"1020\" height=\"574\" src=\"https:\/\/www.youtube.com\/embed\/IhYxfw3d20o?feature=oembed\" frameborder=\"0\" allow=\"accelerometer; autoplay; clipboard-write; encrypted-media; gyroscope; picture-in-picture; web-share\" referrerpolicy=\"strict-origin-when-cross-origin\" allowfullscreen><\/iframe><\/p>\n<ul>\n<li>11 cubiertos. Gran capacidad de hasta 11 cubiertos para que puedas lavar todo lo que necesites independientemente de la situaci\u00f3n en la que te encuentres: a diario, una celebraci\u00f3n, etc.<\/li>\n<li>6 programas. Elige el programa que m\u00e1s se adapte a tus necesidades en funci\u00f3n de lo que tengas que lavar: ollas, vajilla de diario, cristaler\u00eda delicada, etc., ajust\u00e1ndose en tiempo y temperatura.<\/li>\n<li>Clase E: consumo de electricidad \u00f3ptimo en cada lavado.<\/li>\n<li>Delay Start: programa el lavavajillas entre 0 y 24 h antes, con el inicio en diferido.<\/li>\n<li>Panel Touch: panel t\u00e1ctil muy intuitivo y f\u00e1cil de usar.<\/li>\n<li>Dual Zone Wash: adapta una presi\u00f3n de agua distinta en cada bandeja. Despreoc\u00fapate de separar la vajilla en distintos ciclos de lavado y lava a la vez ollas resistentes, copas delicadas, recipientes muy sucios, menos sucios\u2026<\/li>\n<li>Electronic AquaStop: ante alg\u00fan problema, el agua se vuelve a redirigir al interior del compartimento evitando as\u00ed cualquier tipo de fuga de agua.<\/li>\n<li>Bandeja para cubiertos. Bandeja superior dedicada para cubiertos, de esta manera se obtendr\u00e1n unos cubiertos m\u00e1s limpios y se ahorrar\u00e1 espacio en las otras bandejas inferiores.<\/li>\n<\/ul>","protected":false},"excerpt":{"rendered":"<p><img decoding=\"async\" class=\"alignnone size-full wp-image-4560\" src=\"https:\/\/electromax-es.com\/wp-content\/uploads\/2025\/06\/Precio-especial-con-stock-limitado-solo-pagos-inmediatos-con-tarjeta.-2.png\" alt=\"\" width=\"369\" height=\"58\" \/><\/p>\n<div id='product-component-1757107510714'><\/div>\n<p><script type=\"text\/javascript\">\n\/*<![CDATA[*\/\n(function () {\n  var scriptURL = 'https:\/\/sdks.shopifycdn.com\/buy-button\/latest\/buy-button-storefront.min.js';\n  if (window.ShopifyBuy) {\n    if (window.ShopifyBuy.UI) {\n      ShopifyBuyInit();\n    } else {\n      loadScript();\n    }\n  } else {\n    loadScript();\n  }\n  function loadScript() {\n    var script = document.createElement('script');\n    script.async = true;\n    script.src = scriptURL;\n    (document.getElementsByTagName('head')[0] || document.getElementsByTagName('body')[0]).appendChild(script);\n    script.onload = ShopifyBuyInit;\n  }\n  function ShopifyBuyInit() {\n    var client = ShopifyBuy.buildClient({\n      domain: 'y1myw4-n0.myshopify.com',\n      storefrontAccessToken: '5b83aac4e54289b51059ca6d7de7d2d5',\n    });\n    ShopifyBuy.UI.onReady(client).then(function (ui) {\n      ui.createComponent('product', {\n        id: '9972051345691',\n        node: document.getElementById('product-component-1757107510714'),\n        moneyFormat: '%E2%82%AC%7B%7Bamount_with_comma_separator%7D%7D',\n        options: {\n  \"product\": {\n    \"styles\": {\n      \"product\": {\n        \"@media (min-width: 601px)\": {\n          \"max-width\": \"calc(25% - 20px)\",\n          \"margin-left\": \"20px\",\n          \"margin-bottom\": \"50px\"\n        }\n      },\n      \"button\": {\n        \"font-family\": \"Geneva, sans-serif\",\n        \"border-radius\": \"5px\",\n        \"padding-left\": \"37px\",\n        \"padding-right\": \"37px\"\n      }\n    },\n    \"contents\": {\n      \"img\": false,\n      \"title\": false,\n      \"price\": false\n    },\n    \"text\": {\n      \"button\": \"AGREGAR AL CARRITO\"\n    }\n  },\n  \"productSet\": {\n    \"styles\": {\n      \"products\": {\n        \"@media (min-width: 601px)\": {\n          \"margin-left\": \"-20px\"\n        }\n      }\n    }\n  },\n  \"modalProduct\": {\n    \"contents\": {\n      \"img\": false,\n      \"imgWithCarousel\": true,\n      \"button\": false,\n      \"buttonWithQuantity\": true\n    },\n    \"styles\": {\n      \"product\": {\n        \"@media (min-width: 601px)\": {\n          \"max-width\": \"100%\",\n          \"margin-left\": \"0px\",\n          \"margin-bottom\": \"0px\"\n        }\n      },\n      \"button\": {\n        \"font-family\": \"Geneva, sans-serif\",\n        \"border-radius\": \"5px\",\n        \"padding-left\": \"37px\",\n        \"padding-right\": \"37px\"\n      }\n    },\n    \"text\": {\n      \"button\": \"Add to cart\"\n    }\n  },\n  \"option\": {},\n  \"cart\": {\n    \"styles\": {\n      \"button\": {\n        \"font-family\": \"Geneva, sans-serif\",\n        \"border-radius\": \"5px\"\n      }\n    },\n    \"text\": {\n      \"title\": \"Carrito\",\n      \"total\": \"Subtotal\",\n      \"empty\": \"Su carrito est\u00e1 vac\u00edo.\",\n      \"notice\": \"Los c\u00f3digos de env\u00edo y descuento se agregan al momento del pago.\",\n      \"button\": \"Comprar Ahora\"\n    },\n    \"popup\": false\n  },\n  \"toggle\": {\n    \"styles\": {\n      \"toggle\": {\n        \"font-family\": \"Geneva, sans-serif\"\n      }\n    }\n  }\n},\n      });\n    });\n  }\n})();\n\/*]]>*\/\n<\/script><\/p>\n","protected":false},"featured_media":24971,"template":"","meta":[],"product_brand":[],"product_cat":[15,132,134],"product_tag":[],"class_list":{"0":"post-25082","1":"product","2":"type-product","3":"status-publish","4":"has-post-thumbnail","6":"product_cat-ofertas","7":"product_cat-cocina","8":"product_cat-electrodomesticos","10":"first","11":"instock","12":"sale","13":"shipping-taxable","14":"purchasable","15":"product-type-simple"},"_links":{"self":[{"href":"https:\/\/trilhavirtual.shop\/de\/wp-json\/wp\/v2\/product\/25082","targetHints":{"allow":["GET"]}}],"collection":[{"href":"https:\/\/trilhavirtual.shop\/de\/wp-json\/wp\/v2\/product"}],"about":[{"href":"https:\/\/trilhavirtual.shop\/de\/wp-json\/wp\/v2\/types\/product"}],"wp:featuredmedia":[{"embeddable":true,"href":"https:\/\/trilhavirtual.shop\/de\/wp-json\/wp\/v2\/media\/24971"}],"wp:attachment":[{"href":"https:\/\/trilhavirtual.shop\/de\/wp-json\/wp\/v2\/media?parent=25082"}],"wp:term":[{"taxonomy":"product_brand","embeddable":true,"href":"https:\/\/trilhavirtual.shop\/de\/wp-json\/wp\/v2\/product_brand?post=25082"},{"taxonomy":"product_cat","embeddable":true,"href":"https:\/\/trilhavirtual.shop\/de\/wp-json\/wp\/v2\/product_cat?post=25082"},{"taxonomy":"product_tag","embeddable":true,"href":"https:\/\/trilhavirtual.shop\/de\/wp-json\/wp\/v2\/product_tag?post=25082"}],"curies":[{"name":"wp","href":"https:\/\/api.w.org\/{rel}","templated":true}]}}