{"id":25083,"date":"2026-04-29T06:59:26","date_gmt":"2026-04-29T04:59:26","guid":{"rendered":"https:\/\/trilhavirtual.shop\/?post_type=product&#038;p=25083"},"modified":"2026-04-29T07:08:00","modified_gmt":"2026-04-29T05:08:00","slug":"bolero-aguazero-6210-dark-d-lavavajillas-bolero-de-60cm-dark-15-cubiertos-clase-d-pantalla-fullcolor-xxl-tercera-bandeja8-programas-dual-zone-wash-dry-bandeja-ajustable-machine-care-media-c","status":"publish","type":"product","link":"https:\/\/trilhavirtual.shop\/de\/produto\/bolero-aguazero-6210-dark-d-lavavajillas-bolero-de-60cm-dark-15-cubiertos-clase-d-pantalla-fullcolor-xxl-tercera-bandeja8-programas-dual-zone-wash-dry-bandeja-ajustable-machine-care-media-c\/","title":{"rendered":"Bolero Aguazero 6210 Dark D Lavavajillas Bolero de 60cm dark, 15 cubiertos, Clase D, Pantalla FullColor XXL, Tercera bandeja,8 programas, Dual Zone Wash, Dry+, Bandeja Ajustable, Machine Care, Media Carga, Delay Start y Child Lock."},"content":{"rendered":"<p><iframe title=\"Gama Lavavajillas Bolero Aguazero 6210 D, 15 cubiertos, Clase D, Pantalla FullColor XXL\" width=\"1020\" height=\"574\" src=\"https:\/\/www.youtube.com\/embed\/YLUj3yx0WCs?feature=oembed\" frameborder=\"0\" allow=\"accelerometer; autoplay; clipboard-write; encrypted-media; gyroscope; picture-in-picture; web-share\" referrerpolicy=\"strict-origin-when-cross-origin\" allowfullscreen><\/iframe><\/p>\n<ul>\n<li>15 Cubiertos: gran capacidad de hasta 15 cubiertos para que puedas lavar todo lo que necesites independientemente de la situaci\u00f3n en la que te encuentres: a diario, una celebraci\u00f3n, etc. 1 cubierto incluye un plato llano grande, peque\u00f1o, sopero, vaso, cuchillo, tenedor y cuchara.<\/li>\n<li>Clase D: consumo de electricidad \u00f3ptimo en cada lavado.<\/li>\n<li>Pantalla FullColor XXL: controla facil e intuitivamente con su innovador dise\u00f1o de pantalla XXL a color FullTouch.<\/li>\n<li>Bandeja para Cubiertos: bandeja superior dedicada para cubiertos, de esta manera se obtendr\u00e1n unos cubiertos m\u00e1s limpios y se ahorrar\u00e1 espacio en las otras bandejas inferiores.<\/li>\n<li>8 programas: elige el programa que m\u00e1s se adapte a tus necesidades en funci\u00f3n de lo que tengas que lavar: ollas, vajilla de diario, cristaler\u00eda delicada&#8230; ajust\u00e1ndose en tiempo y temperatura.<\/li>\n<li>Dual Zone Wash: adapta una presi\u00f3n de agua distinta en cada bandeja. Despreoc\u00fapate de separar la vajilla en distintos ciclos de lavado y lava a la vez ollas resistentes, copas delicadas, recipientes muy sucios, menos sucios\u2026<\/li>\n<li>Dry+: extiende el proceso de secado entre 10 a 15 min para mejorar su rendimiento.<\/li>\n<li>Bandeja Ajustable: lava todo tipo de platos, cazuelas o copas, independientemente de su altura, gracias a la regulaci\u00f3n de altura de la bandeja superior.<\/li>\n<li>Machine Care. Limpia tu lavavajillas y evita malos olores. Este programa limpia el interior de tu lavavajillas y lo protege ante bacterias y malos olores, adem\u00e1s de conservarlo durante m\u00e1s tiempo.<\/li>\n<li>Media Carga: en funci\u00f3n del d\u00eda o de los cubiertos que haya, se podr\u00e1 programar la funci\u00f3n de carga, lo que har\u00e1 que se pueda lavar con los mismos resultados que un programa normal, pero con el beneficio de que usa la mitad de recursos.<\/li>\n<li>Delay Start: programa en que momento del d\u00eda quieres que tu lavavajillas comience su lavado y despreoc\u00fapate de tener que estar pendiente de iniciarlo.<\/li>\n<li>Child Lock: protege a los m\u00e1s peque\u00f1os limitandole el acceso a tu lavavajillas.<\/li>\n<\/ul>","protected":false},"excerpt":{"rendered":"<p><img decoding=\"async\" class=\"alignnone size-full wp-image-4560\" src=\"https:\/\/electromax-es.com\/wp-content\/uploads\/2025\/06\/Precio-especial-con-stock-limitado-solo-pagos-inmediatos-con-tarjeta.-2.png\" alt=\"\" width=\"369\" height=\"58\" \/><\/p>\n<div id='product-component-1757107400083'><\/div>\n<p><script type=\"text\/javascript\">\n\/*<![CDATA[*\/\n(function () {\n  var scriptURL = 'https:\/\/sdks.shopifycdn.com\/buy-button\/latest\/buy-button-storefront.min.js';\n  if (window.ShopifyBuy) {\n    if (window.ShopifyBuy.UI) {\n      ShopifyBuyInit();\n    } else {\n      loadScript();\n    }\n  } else {\n    loadScript();\n  }\n  function loadScript() {\n    var script = document.createElement('script');\n    script.async = true;\n    script.src = scriptURL;\n    (document.getElementsByTagName('head')[0] || document.getElementsByTagName('body')[0]).appendChild(script);\n    script.onload = ShopifyBuyInit;\n  }\n  function ShopifyBuyInit() {\n    var client = ShopifyBuy.buildClient({\n      domain: 'y1myw4-n0.myshopify.com',\n      storefrontAccessToken: '5b83aac4e54289b51059ca6d7de7d2d5',\n    });\n    ShopifyBuy.UI.onReady(client).then(function (ui) {\n      ui.createComponent('product', {\n        id: '9972051378459',\n        node: document.getElementById('product-component-1757107400083'),\n        moneyFormat: '%E2%82%AC%7B%7Bamount_with_comma_separator%7D%7D',\n        options: {\n  \"product\": {\n    \"styles\": {\n      \"product\": {\n        \"@media (min-width: 601px)\": {\n          \"max-width\": \"calc(25% - 20px)\",\n          \"margin-left\": \"20px\",\n          \"margin-bottom\": \"50px\"\n        }\n      },\n      \"button\": {\n        \"font-family\": \"Geneva, sans-serif\",\n        \"border-radius\": \"5px\",\n        \"padding-left\": \"37px\",\n        \"padding-right\": \"37px\"\n      }\n    },\n    \"contents\": {\n      \"img\": false,\n      \"title\": false,\n      \"price\": false\n    },\n    \"text\": {\n      \"button\": \"AGREGAR AL CARRITO\"\n    }\n  },\n  \"productSet\": {\n    \"styles\": {\n      \"products\": {\n        \"@media (min-width: 601px)\": {\n          \"margin-left\": \"-20px\"\n        }\n      }\n    }\n  },\n  \"modalProduct\": {\n    \"contents\": {\n      \"img\": false,\n      \"imgWithCarousel\": true,\n      \"button\": false,\n      \"buttonWithQuantity\": true\n    },\n    \"styles\": {\n      \"product\": {\n        \"@media (min-width: 601px)\": {\n          \"max-width\": \"100%\",\n          \"margin-left\": \"0px\",\n          \"margin-bottom\": \"0px\"\n        }\n      },\n      \"button\": {\n        \"font-family\": \"Geneva, sans-serif\",\n        \"border-radius\": \"5px\",\n        \"padding-left\": \"37px\",\n        \"padding-right\": \"37px\"\n      }\n    },\n    \"text\": {\n      \"button\": \"Add to cart\"\n    }\n  },\n  \"option\": {},\n  \"cart\": {\n    \"styles\": {\n      \"button\": {\n        \"font-family\": \"Geneva, sans-serif\",\n        \"border-radius\": \"5px\"\n      }\n    },\n    \"text\": {\n      \"title\": \"Carrito\",\n      \"total\": \"Subtotal\",\n      \"empty\": \"Su carrito est\u00e1 vac\u00edo.\",\n      \"notice\": \"Los c\u00f3digos de env\u00edo y descuento se agregan al momento del pago.\",\n      \"button\": \"Comprar Ahora\"\n    },\n    \"popup\": false\n  },\n  \"toggle\": {\n    \"styles\": {\n      \"toggle\": {\n        \"font-family\": \"Geneva, sans-serif\"\n      }\n    }\n  }\n},\n      });\n    });\n  }\n})();\n\/*]]>*\/\n<\/script><\/p>\n","protected":false},"featured_media":24984,"template":"","meta":[],"product_brand":[],"product_cat":[15,132,134],"product_tag":[],"class_list":{"0":"post-25083","1":"product","2":"type-product","3":"status-publish","4":"has-post-thumbnail","6":"product_cat-ofertas","7":"product_cat-cocina","8":"product_cat-electrodomesticos","10":"first","11":"instock","12":"sale","13":"shipping-taxable","14":"purchasable","15":"product-type-simple"},"_links":{"self":[{"href":"https:\/\/trilhavirtual.shop\/de\/wp-json\/wp\/v2\/product\/25083","targetHints":{"allow":["GET"]}}],"collection":[{"href":"https:\/\/trilhavirtual.shop\/de\/wp-json\/wp\/v2\/product"}],"about":[{"href":"https:\/\/trilhavirtual.shop\/de\/wp-json\/wp\/v2\/types\/product"}],"wp:featuredmedia":[{"embeddable":true,"href":"https:\/\/trilhavirtual.shop\/de\/wp-json\/wp\/v2\/media\/24984"}],"wp:attachment":[{"href":"https:\/\/trilhavirtual.shop\/de\/wp-json\/wp\/v2\/media?parent=25083"}],"wp:term":[{"taxonomy":"product_brand","embeddable":true,"href":"https:\/\/trilhavirtual.shop\/de\/wp-json\/wp\/v2\/product_brand?post=25083"},{"taxonomy":"product_cat","embeddable":true,"href":"https:\/\/trilhavirtual.shop\/de\/wp-json\/wp\/v2\/product_cat?post=25083"},{"taxonomy":"product_tag","embeddable":true,"href":"https:\/\/trilhavirtual.shop\/de\/wp-json\/wp\/v2\/product_tag?post=25083"}],"curies":[{"name":"wp","href":"https:\/\/api.w.org\/{rel}","templated":true}]}}