{"id":25084,"date":"2026-04-29T06:59:26","date_gmt":"2026-04-29T04:59:26","guid":{"rendered":"https:\/\/trilhavirtual.shop\/?post_type=product&#038;p=25084"},"modified":"2026-04-29T07:08:00","modified_gmt":"2026-04-29T05:08:00","slug":"bolero-aguazero-6800-dark-a-lavavajillas-dark-de-60-cm-para-14-cubiertos-con-eficiencia-clase-a-y-el-motor-inverter-plus-duo-disfruta-de-8-programas-versatiles-incluyendo-smart-prowash-y-steammax","status":"publish","type":"product","link":"https:\/\/trilhavirtual.shop\/de\/produto\/bolero-aguazero-6800-dark-a-lavavajillas-dark-de-60-cm-para-14-cubiertos-con-eficiencia-clase-a-y-el-motor-inverter-plus-duo-disfruta-de-8-programas-versatiles-incluyendo-smart-prowash-y-steammax\/","title":{"rendered":"Bolero Aguazero 6800 Dark A Lavavajillas Dark de 60 cm, para 14 cubiertos, con eficiencia Clase A y el Motor Inverter Plus Duo. Disfruta de 8 programas vers\u00e1tiles, incluyendo Smart ProWash y SteamMax, junto con el innovador BlueWater System. Optimiza cada ciclo con Eco FlexWash y Comfort Wash, mientras el filtro antibacteriano y el programa AutoClean mantienen la higiene. Aprovecha la tecnolog\u00eda Dual Zone Wash, la funci\u00f3n Half Load y la Delay Start para una experiencia de lavado superior."},"content":{"rendered":"<ul>\n<li>Capacidad para 14 cubiertos. Lava toda tu vajilla en un solo ciclo gracias a su gran capacidad, que permite ahorrar tiempo y energ\u00eda.<\/li>\n<li>Clase A. Garantiza un rendimiento excelente con un consumo energ\u00e9tico reducido. Esto se traduce en un menor impacto ambiental y en un ahorro significativo en la factura de electricidad.<\/li>\n<li>Alto rendimiento, bajo consumo. Inverter Plus Duo: ofrece un gran rendimiento y mayor longevidad, garantizando una limpieza \u00f3ptima con menor consumo de energ\u00eda.<\/li>\n<li>Lavados a medida. 8 programas: ofrecen todo tipo de soluciones de limpieza para adaptarse a tus necesidades y a las de tu vajilla, desde ciclos largos hasta intensivos.<\/li>\n<li>Lavado autom\u00e1tico seg\u00fan el nivel de suciedad. Smart ProWash : optimiza el rendimiento de lavado ajustando autom\u00e1ticamente la temperatura y el tiempo en funci\u00f3n del nivel de suciedad del agua, lo que garantiza una limpieza eficiente y ahorro de recursos.<\/li>\n<li>Reduce el consumo de agua hasta 5,4 litros por ciclo. BlueWater System: reutiliza el agua del \u00faltimo ciclo de aclarado, filtr\u00e1ndola y guard\u00e1ndola para el pr\u00f3ximo uso.<\/li>\n<li>Limpieza con vapor. SteamMax: emplea vapor de alta temperatura para una higiene y limpieza perfectas. Este m\u00e9todo es m\u00e1s higi\u00e9nico y saludable, eliminando todo tipo de suciedad de manera suave y eficiente, y proporcionando una vajilla perfectamente limpia.<\/li>\n<li>Limpieza independiente de la cesta superior o inferior. Eco FlexWash: programa ideal para cargas peque\u00f1as gracias a la limpieza dirigida en la zona superior o inferior, o de ambas a la vez con media carga.<\/li>\n<li>Funcionamiento silencioso (36 dB). Comfort Wash: reduce el ruido para que puedas programar lavados evitando molestias, incluso por la noche.<\/li>\n<li>Mantiene el interior limpio y libre de bacterias. Filtro antibacteriano (ABT): evita la acumulaci\u00f3n de bacterias, manteniendo el interior del lavavajillas fresco y sin malos olores, asegurando una higiene superior despu\u00e9s de cada uso<\/li>\n<li>Limpieza interior autom\u00e1tica. AutoClean: facilita el mantenimiento y prolonga la vida \u00fatil del electrodom\u00e9stico.<\/li>\n<li>Apertura autom\u00e1tica, secado eficiente. O2 Dry: el lavavajillas abre autom\u00e1ticamente la puerta al terminar el lavado para eliminar hasta la \u00faltima gota mediante un secado natural.<\/li>\n<li>Presi\u00f3n a medida por zonas. Dual Zone Wash: ofrece m\u00e1s presi\u00f3n en la cesta inferior y baja presi\u00f3n en la cesta superior, utilizando una bomba BLDC para ajustar la presi\u00f3n del agua y minimizar los niveles de ruido.<\/li>\n<li>Media carga: menor consumo, misma eficacia. Half Load: consumo a medida para cargas peque\u00f1as, reduciendo el consumo si perder eficacia.<\/li>\n<li>Programa el inicio del lavado. Delay Start: programa el inicio del ciclo de lavado a la hora que m\u00e1s te convenga para que tu vajilla est\u00e9 limpia cuando m\u00e1s lo necesites.<\/li>\n<\/ul>","protected":false},"excerpt":{"rendered":"<p><img decoding=\"async\" class=\"alignnone size-full wp-image-4560\" src=\"https:\/\/electromax-es.com\/wp-content\/uploads\/2025\/06\/Precio-especial-con-stock-limitado-solo-pagos-inmediatos-con-tarjeta.-2.png\" alt=\"\" width=\"369\" height=\"58\" \/><\/p>\n<div id='product-component-1757107294488'><\/div>\n<p><script type=\"text\/javascript\">\n\/*<![CDATA[*\/\n(function () {\n  var scriptURL = 'https:\/\/sdks.shopifycdn.com\/buy-button\/latest\/buy-button-storefront.min.js';\n  if (window.ShopifyBuy) {\n    if (window.ShopifyBuy.UI) {\n      ShopifyBuyInit();\n    } else {\n      loadScript();\n    }\n  } else {\n    loadScript();\n  }\n  function loadScript() {\n    var script = document.createElement('script');\n    script.async = true;\n    script.src = scriptURL;\n    (document.getElementsByTagName('head')[0] || document.getElementsByTagName('body')[0]).appendChild(script);\n    script.onload = ShopifyBuyInit;\n  }\n  function ShopifyBuyInit() {\n    var client = ShopifyBuy.buildClient({\n      domain: 'y1myw4-n0.myshopify.com',\n      storefrontAccessToken: '5b83aac4e54289b51059ca6d7de7d2d5',\n    });\n    ShopifyBuy.UI.onReady(client).then(function (ui) {\n      ui.createComponent('product', {\n        id: '9972051411227',\n        node: document.getElementById('product-component-1757107294488'),\n        moneyFormat: '%E2%82%AC%7B%7Bamount_with_comma_separator%7D%7D',\n        options: {\n  \"product\": {\n    \"styles\": {\n      \"product\": {\n        \"@media (min-width: 601px)\": {\n          \"max-width\": \"calc(25% - 20px)\",\n          \"margin-left\": \"20px\",\n          \"margin-bottom\": \"50px\"\n        }\n      },\n      \"button\": {\n        \"font-family\": \"Geneva, sans-serif\",\n        \"border-radius\": \"5px\",\n        \"padding-left\": \"37px\",\n        \"padding-right\": \"37px\"\n      }\n    },\n    \"contents\": {\n      \"img\": false,\n      \"title\": false,\n      \"price\": false\n    },\n    \"text\": {\n      \"button\": \"AGREGAR AL CARRITO\"\n    }\n  },\n  \"productSet\": {\n    \"styles\": {\n      \"products\": {\n        \"@media (min-width: 601px)\": {\n          \"margin-left\": \"-20px\"\n        }\n      }\n    }\n  },\n  \"modalProduct\": {\n    \"contents\": {\n      \"img\": false,\n      \"imgWithCarousel\": true,\n      \"button\": false,\n      \"buttonWithQuantity\": true\n    },\n    \"styles\": {\n      \"product\": {\n        \"@media (min-width: 601px)\": {\n          \"max-width\": \"100%\",\n          \"margin-left\": \"0px\",\n          \"margin-bottom\": \"0px\"\n        }\n      },\n      \"button\": {\n        \"font-family\": \"Geneva, sans-serif\",\n        \"border-radius\": \"5px\",\n        \"padding-left\": \"37px\",\n        \"padding-right\": \"37px\"\n      }\n    },\n    \"text\": {\n      \"button\": \"Add to cart\"\n    }\n  },\n  \"option\": {},\n  \"cart\": {\n    \"styles\": {\n      \"button\": {\n        \"font-family\": \"Geneva, sans-serif\",\n        \"border-radius\": \"5px\"\n      }\n    },\n    \"text\": {\n      \"title\": \"Carrito\",\n      \"total\": \"Subtotal\",\n      \"empty\": \"Su carrito est\u00e1 vac\u00edo.\",\n      \"notice\": \"Los c\u00f3digos de env\u00edo y descuento se agregan al momento del pago.\",\n      \"button\": \"Comprar Ahora\"\n    },\n    \"popup\": false\n  },\n  \"toggle\": {\n    \"styles\": {\n      \"toggle\": {\n        \"font-family\": \"Geneva, sans-serif\"\n      }\n    }\n  }\n},\n      });\n    });\n  }\n})();\n\/*]]>*\/\n<\/script><\/p>\n","protected":false},"featured_media":24998,"template":"","meta":[],"product_brand":[],"product_cat":[15,132,134],"product_tag":[],"class_list":{"0":"post-25084","1":"product","2":"type-product","3":"status-publish","4":"has-post-thumbnail","6":"product_cat-ofertas","7":"product_cat-cocina","8":"product_cat-electrodomesticos","10":"first","11":"instock","12":"sale","13":"shipping-taxable","14":"purchasable","15":"product-type-simple"},"_links":{"self":[{"href":"https:\/\/trilhavirtual.shop\/de\/wp-json\/wp\/v2\/product\/25084","targetHints":{"allow":["GET"]}}],"collection":[{"href":"https:\/\/trilhavirtual.shop\/de\/wp-json\/wp\/v2\/product"}],"about":[{"href":"https:\/\/trilhavirtual.shop\/de\/wp-json\/wp\/v2\/types\/product"}],"wp:featuredmedia":[{"embeddable":true,"href":"https:\/\/trilhavirtual.shop\/de\/wp-json\/wp\/v2\/media\/24998"}],"wp:attachment":[{"href":"https:\/\/trilhavirtual.shop\/de\/wp-json\/wp\/v2\/media?parent=25084"}],"wp:term":[{"taxonomy":"product_brand","embeddable":true,"href":"https:\/\/trilhavirtual.shop\/de\/wp-json\/wp\/v2\/product_brand?post=25084"},{"taxonomy":"product_cat","embeddable":true,"href":"https:\/\/trilhavirtual.shop\/de\/wp-json\/wp\/v2\/product_cat?post=25084"},{"taxonomy":"product_tag","embeddable":true,"href":"https:\/\/trilhavirtual.shop\/de\/wp-json\/wp\/v2\/product_tag?post=25084"}],"curies":[{"name":"wp","href":"https:\/\/api.w.org\/{rel}","templated":true}]}}